{"id":116,"date":"2014-03-27T19:23:11","date_gmt":"2014-03-27T18:23:11","guid":{"rendered":"http:\/\/aeskulap-international.com\/medical-services\/medical-tourism\/"},"modified":"2022-12-13T12:51:40","modified_gmt":"2022-12-13T11:51:40","slug":"medizintourismus","status":"publish","type":"page","link":"https:\/\/aeskulap-international.com\/de\/medizinische-beratung\/medizintourismus\/","title":{"rendered":"Medizintourismus"},"content":{"rendered":"\n<p><span style=\"font-weight: 400;\">Das Team von <a href=\"https:\/\/integrative-cancer-care.org\/de\" target=\"_blank\" rel=\"noreferrer noopener\">Integrative Cancer Care<\/a> wird Ihnen m\u00f6glicherweise vorschlagen, mit unserem Medizintourismus-Programm, Behandlungen in einer unserer Partnerkliniken auf der ganzen Welt durchzuf\u00fchren.<\/span><\/p>\n\n\n\n<p><span style=\"font-weight: 400;\">Daher garantieren wir Ihnen, dass unser Team jedes Detail Ihrer Reise in die Schweiz oder in ein anderes europ\u00e4isches Land organisiert und Ihnen vollen Komfort, absolute Diskretion, perfekte Sicherheit und so viel Luxus garantiert, wie Sie es w\u00fcnschen.<\/span><\/p>\n\n\n\n<div style=\"height:30px\" aria-hidden=\"true\" class=\"wp-block-spacer\"><\/div>\n\n\n\n<div class=\"wp-block-buttons is-horizontal is-content-justification-center is-layout-flex wp-container-core-buttons-is-layout-499968f5 wp-block-buttons-is-layout-flex\">\n<div class=\"wp-block-button\"><a class=\"wp-block-button__link wp-element-button\" href=\"\" style=\"border-radius:2px\">Mehr Informationen<\/a><\/div>\n\n\n\n<div class=\"wp-block-button is-style-fill\"><a class=\"wp-block-button__link wp-element-button\" href=\"mailto:case-manager@integrative-cancer-care.com\" style=\"border-radius:2px\">Senden Sie uns eine E-Mail<\/a><\/div>\n<\/div>\n\n\n\n<p><\/p>\n","protected":false},"excerpt":{"rendered":"<p>Das Team von Integrative Cancer Care wird Ihnen m\u00f6glicherweise vorschlagen, mit unserem Medizintourismus-Programm, Behandlungen in einer unserer Partnerkliniken auf der ganzen Welt durchzuf\u00fchren. Daher garantieren wir Ihnen, dass unser Team jedes Detail Ihrer Reise in die Schweiz oder in ein anderes europ\u00e4isches Land organisiert und Ihnen vollen Komfort, absolute Diskretion, perfekte Sicherheit und so viel &#8230; <a title=\"Medizintourismus\" class=\"read-more\" href=\"https:\/\/aeskulap-international.com\/de\/medizinische-beratung\/medizintourismus\/\" aria-label=\"Mehr Informationen \u00fcber Medizintourismus\">Weiterlesen &#8230;<\/a><\/p>\n","protected":false},"author":1,"featured_media":645,"parent":22,"menu_order":0,"comment_status":"closed","ping_status":"closed","template":"","meta":{"footnotes":""},"class_list":["post-116","page","type-page","status-publish","has-post-thumbnail"],"yoast_head":"<!-- This site is optimized with the Yoast SEO Premium plugin v27.4 (Yoast SEO v27.4) - https:\/\/yoast.com\/product\/yoast-seo-premium-wordpress\/ -->\n<title>Medizintourismus, unterst\u00fctzt von Aeskulap International<\/title>\n<meta name=\"description\" content=\"Nehmen Sie an unserem Programm f\u00fcr Medizintourismus teil indem Sie zu den besten medizinischen Einrichtungen der Welt reisen und von einem ma\u00dfgeschneiderten Behandlungsprotokoll in einer entspannenden Umgebung profitieren.\" \/>\n<meta name=\"robots\" content=\"index, follow, max-snippet:-1, max-image-preview:large, max-video-preview:-1\" \/>\n<link rel=\"canonical\" href=\"https:\/\/aeskulap-international.com\/de\/medizinische-beratung\/medizintourismus\/\" \/>\n<meta property=\"og:locale\" content=\"de_DE\" \/>\n<meta property=\"og:type\" content=\"article\" \/>\n<meta property=\"og:title\" content=\"Medizintourismus\" \/>\n<meta property=\"og:description\" content=\"Nehmen Sie an unserem Programm f\u00fcr Medizintourismus teil indem Sie zu den besten medizinischen Einrichtungen der Welt reisen und von einem ma\u00dfgeschneiderten Behandlungsprotokoll in einer entspannenden Umgebung profitieren.\" \/>\n<meta property=\"og:url\" content=\"https:\/\/aeskulap-international.com\/de\/medizinische-beratung\/medizintourismus\/\" \/>\n<meta property=\"og:site_name\" content=\"Aeskulap International AG\" \/>\n<meta property=\"article:modified_time\" content=\"2022-12-13T11:51:40+00:00\" \/>\n<meta property=\"og:image\" content=\"https:\/\/aeskulap-international.com\/wp-content\/uploads\/2021\/07\/Medical-Tourism-Services.jpg\" \/>\n\t<meta property=\"og:image:width\" content=\"1340\" \/>\n\t<meta property=\"og:image:height\" content=\"400\" \/>\n\t<meta property=\"og:image:type\" content=\"image\/jpeg\" \/>\n<meta name=\"twitter:label1\" content=\"Gesch\u00e4tzte Lesezeit\" \/>\n\t<meta name=\"twitter:data1\" content=\"1\u00a0Minute\" \/>\n<script type=\"application\/ld+json\" class=\"yoast-schema-graph\">{\"@context\":\"https:\\\/\\\/schema.org\",\"@graph\":[{\"@type\":\"WebPage\",\"@id\":\"https:\\\/\\\/aeskulap-international.com\\\/de\\\/medizinische-beratung\\\/medizintourismus\\\/\",\"url\":\"https:\\\/\\\/aeskulap-international.com\\\/de\\\/medizinische-beratung\\\/medizintourismus\\\/\",\"name\":\"Medizintourismus, unterst\u00fctzt von Aeskulap International\",\"isPartOf\":{\"@id\":\"https:\\\/\\\/aeskulap-international.com\\\/de\\\/#website\"},\"primaryImageOfPage\":{\"@id\":\"https:\\\/\\\/aeskulap-international.com\\\/de\\\/medizinische-beratung\\\/medizintourismus\\\/#primaryimage\"},\"image\":{\"@id\":\"https:\\\/\\\/aeskulap-international.com\\\/de\\\/medizinische-beratung\\\/medizintourismus\\\/#primaryimage\"},\"thumbnailUrl\":\"https:\\\/\\\/aeskulap-international.com\\\/wp-content\\\/uploads\\\/2021\\\/07\\\/Medical-Tourism-Services.jpg\",\"datePublished\":\"2014-03-27T18:23:11+00:00\",\"dateModified\":\"2022-12-13T11:51:40+00:00\",\"description\":\"Nehmen Sie an unserem Programm f\u00fcr Medizintourismus teil indem Sie zu den besten medizinischen Einrichtungen der Welt reisen und von einem ma\u00dfgeschneiderten Behandlungsprotokoll in einer entspannenden Umgebung profitieren.\",\"breadcrumb\":{\"@id\":\"https:\\\/\\\/aeskulap-international.com\\\/de\\\/medizinische-beratung\\\/medizintourismus\\\/#breadcrumb\"},\"inLanguage\":\"de\",\"potentialAction\":[{\"@type\":\"ReadAction\",\"target\":[\"https:\\\/\\\/aeskulap-international.com\\\/de\\\/medizinische-beratung\\\/medizintourismus\\\/\"]}]},{\"@type\":\"ImageObject\",\"inLanguage\":\"de\",\"@id\":\"https:\\\/\\\/aeskulap-international.com\\\/de\\\/medizinische-beratung\\\/medizintourismus\\\/#primaryimage\",\"url\":\"https:\\\/\\\/aeskulap-international.com\\\/wp-content\\\/uploads\\\/2021\\\/07\\\/Medical-Tourism-Services.jpg\",\"contentUrl\":\"https:\\\/\\\/aeskulap-international.com\\\/wp-content\\\/uploads\\\/2021\\\/07\\\/Medical-Tourism-Services.jpg\",\"width\":1340,\"height\":400,\"caption\":\"Medical Tourism Services\"},{\"@type\":\"BreadcrumbList\",\"@id\":\"https:\\\/\\\/aeskulap-international.com\\\/de\\\/medizinische-beratung\\\/medizintourismus\\\/#breadcrumb\",\"itemListElement\":[{\"@type\":\"ListItem\",\"position\":1,\"name\":\"Home\",\"item\":\"https:\\\/\\\/aeskulap-international.com\\\/de\\\/\"},{\"@type\":\"ListItem\",\"position\":2,\"name\":\"Medizinische Beratung\",\"item\":\"https:\\\/\\\/aeskulap-international.com\\\/de\\\/medizinische-beratung\\\/\"},{\"@type\":\"ListItem\",\"position\":3,\"name\":\"Medizintourismus\"}]},{\"@type\":\"WebSite\",\"@id\":\"https:\\\/\\\/aeskulap-international.com\\\/de\\\/#website\",\"url\":\"https:\\\/\\\/aeskulap-international.com\\\/de\\\/\",\"name\":\"Aeskulap International AG\",\"description\":\"A Straight Line to High-Tech Medicine in Switzerland\",\"publisher\":{\"@id\":\"https:\\\/\\\/aeskulap-international.com\\\/de\\\/#organization\"},\"potentialAction\":[{\"@type\":\"SearchAction\",\"target\":{\"@type\":\"EntryPoint\",\"urlTemplate\":\"https:\\\/\\\/aeskulap-international.com\\\/de\\\/?s={search_term_string}\"},\"query-input\":{\"@type\":\"PropertyValueSpecification\",\"valueRequired\":true,\"valueName\":\"search_term_string\"}}],\"inLanguage\":\"de\"},{\"@type\":\"Organization\",\"@id\":\"https:\\\/\\\/aeskulap-international.com\\\/de\\\/#organization\",\"name\":\"Aeskulap International AG\",\"url\":\"https:\\\/\\\/aeskulap-international.com\\\/de\\\/\",\"logo\":{\"@type\":\"ImageObject\",\"inLanguage\":\"de\",\"@id\":\"https:\\\/\\\/aeskulap-international.com\\\/de\\\/#\\\/schema\\\/logo\\\/image\\\/\",\"url\":\"https:\\\/\\\/aeskulap-international.com\\\/wp-content\\\/uploads\\\/2014\\\/09\\\/logoline.png\",\"contentUrl\":\"https:\\\/\\\/aeskulap-international.com\\\/wp-content\\\/uploads\\\/2014\\\/09\\\/logoline.png\",\"width\":424,\"height\":120,\"caption\":\"Aeskulap International AG\"},\"image\":{\"@id\":\"https:\\\/\\\/aeskulap-international.com\\\/de\\\/#\\\/schema\\\/logo\\\/image\\\/\"}}]}<\/script>\n<!-- \/ Yoast SEO Premium plugin. -->","yoast_head_json":{"title":"Medizintourismus, unterst\u00fctzt von Aeskulap International","description":"Nehmen Sie an unserem Programm f\u00fcr Medizintourismus teil indem Sie zu den besten medizinischen Einrichtungen der Welt reisen und von einem ma\u00dfgeschneiderten Behandlungsprotokoll in einer entspannenden Umgebung profitieren.","robots":{"index":"index","follow":"follow","max-snippet":"max-snippet:-1","max-image-preview":"max-image-preview:large","max-video-preview":"max-video-preview:-1"},"canonical":"https:\/\/aeskulap-international.com\/de\/medizinische-beratung\/medizintourismus\/","og_locale":"de_DE","og_type":"article","og_title":"Medizintourismus","og_description":"Nehmen Sie an unserem Programm f\u00fcr Medizintourismus teil indem Sie zu den besten medizinischen Einrichtungen der Welt reisen und von einem ma\u00dfgeschneiderten Behandlungsprotokoll in einer entspannenden Umgebung profitieren.","og_url":"https:\/\/aeskulap-international.com\/de\/medizinische-beratung\/medizintourismus\/","og_site_name":"Aeskulap International AG","article_modified_time":"2022-12-13T11:51:40+00:00","og_image":[{"width":1340,"height":400,"url":"https:\/\/aeskulap-international.com\/wp-content\/uploads\/2021\/07\/Medical-Tourism-Services.jpg","type":"image\/jpeg"}],"twitter_misc":{"Gesch\u00e4tzte Lesezeit":"1\u00a0Minute"},"schema":{"@context":"https:\/\/schema.org","@graph":[{"@type":"WebPage","@id":"https:\/\/aeskulap-international.com\/de\/medizinische-beratung\/medizintourismus\/","url":"https:\/\/aeskulap-international.com\/de\/medizinische-beratung\/medizintourismus\/","name":"Medizintourismus, unterst\u00fctzt von Aeskulap International","isPartOf":{"@id":"https:\/\/aeskulap-international.com\/de\/#website"},"primaryImageOfPage":{"@id":"https:\/\/aeskulap-international.com\/de\/medizinische-beratung\/medizintourismus\/#primaryimage"},"image":{"@id":"https:\/\/aeskulap-international.com\/de\/medizinische-beratung\/medizintourismus\/#primaryimage"},"thumbnailUrl":"https:\/\/aeskulap-international.com\/wp-content\/uploads\/2021\/07\/Medical-Tourism-Services.jpg","datePublished":"2014-03-27T18:23:11+00:00","dateModified":"2022-12-13T11:51:40+00:00","description":"Nehmen Sie an unserem Programm f\u00fcr Medizintourismus teil indem Sie zu den besten medizinischen Einrichtungen der Welt reisen und von einem ma\u00dfgeschneiderten Behandlungsprotokoll in einer entspannenden Umgebung profitieren.","breadcrumb":{"@id":"https:\/\/aeskulap-international.com\/de\/medizinische-beratung\/medizintourismus\/#breadcrumb"},"inLanguage":"de","potentialAction":[{"@type":"ReadAction","target":["https:\/\/aeskulap-international.com\/de\/medizinische-beratung\/medizintourismus\/"]}]},{"@type":"ImageObject","inLanguage":"de","@id":"https:\/\/aeskulap-international.com\/de\/medizinische-beratung\/medizintourismus\/#primaryimage","url":"https:\/\/aeskulap-international.com\/wp-content\/uploads\/2021\/07\/Medical-Tourism-Services.jpg","contentUrl":"https:\/\/aeskulap-international.com\/wp-content\/uploads\/2021\/07\/Medical-Tourism-Services.jpg","width":1340,"height":400,"caption":"Medical Tourism Services"},{"@type":"BreadcrumbList","@id":"https:\/\/aeskulap-international.com\/de\/medizinische-beratung\/medizintourismus\/#breadcrumb","itemListElement":[{"@type":"ListItem","position":1,"name":"Home","item":"https:\/\/aeskulap-international.com\/de\/"},{"@type":"ListItem","position":2,"name":"Medizinische Beratung","item":"https:\/\/aeskulap-international.com\/de\/medizinische-beratung\/"},{"@type":"ListItem","position":3,"name":"Medizintourismus"}]},{"@type":"WebSite","@id":"https:\/\/aeskulap-international.com\/de\/#website","url":"https:\/\/aeskulap-international.com\/de\/","name":"Aeskulap International AG","description":"A Straight Line to High-Tech Medicine in Switzerland","publisher":{"@id":"https:\/\/aeskulap-international.com\/de\/#organization"},"potentialAction":[{"@type":"SearchAction","target":{"@type":"EntryPoint","urlTemplate":"https:\/\/aeskulap-international.com\/de\/?s={search_term_string}"},"query-input":{"@type":"PropertyValueSpecification","valueRequired":true,"valueName":"search_term_string"}}],"inLanguage":"de"},{"@type":"Organization","@id":"https:\/\/aeskulap-international.com\/de\/#organization","name":"Aeskulap International AG","url":"https:\/\/aeskulap-international.com\/de\/","logo":{"@type":"ImageObject","inLanguage":"de","@id":"https:\/\/aeskulap-international.com\/de\/#\/schema\/logo\/image\/","url":"https:\/\/aeskulap-international.com\/wp-content\/uploads\/2014\/09\/logoline.png","contentUrl":"https:\/\/aeskulap-international.com\/wp-content\/uploads\/2014\/09\/logoline.png","width":424,"height":120,"caption":"Aeskulap International AG"},"image":{"@id":"https:\/\/aeskulap-international.com\/de\/#\/schema\/logo\/image\/"}}]}},"_links":{"self":[{"href":"https:\/\/aeskulap-international.com\/de\/wp-json\/wp\/v2\/pages\/116","targetHints":{"allow":["GET"]}}],"collection":[{"href":"https:\/\/aeskulap-international.com\/de\/wp-json\/wp\/v2\/pages"}],"about":[{"href":"https:\/\/aeskulap-international.com\/de\/wp-json\/wp\/v2\/types\/page"}],"author":[{"embeddable":true,"href":"https:\/\/aeskulap-international.com\/de\/wp-json\/wp\/v2\/users\/1"}],"replies":[{"embeddable":true,"href":"https:\/\/aeskulap-international.com\/de\/wp-json\/wp\/v2\/comments?post=116"}],"version-history":[{"count":3,"href":"https:\/\/aeskulap-international.com\/de\/wp-json\/wp\/v2\/pages\/116\/revisions"}],"predecessor-version":[{"id":735,"href":"https:\/\/aeskulap-international.com\/de\/wp-json\/wp\/v2\/pages\/116\/revisions\/735"}],"up":[{"embeddable":true,"href":"https:\/\/aeskulap-international.com\/de\/wp-json\/wp\/v2\/pages\/22"}],"wp:featuredmedia":[{"embeddable":true,"href":"https:\/\/aeskulap-international.com\/de\/wp-json\/wp\/v2\/media\/645"}],"wp:attachment":[{"href":"https:\/\/aeskulap-international.com\/de\/wp-json\/wp\/v2\/media?parent=116"}],"curies":[{"name":"wp","href":"https:\/\/api.w.org\/{rel}","templated":true}]}}