{"id":13,"date":"2014-03-23T11:26:21","date_gmt":"2014-03-23T11:26:21","guid":{"rendered":"http:\/\/aeskulap-international.com\/sample-page-2\/"},"modified":"2022-12-13T12:44:24","modified_gmt":"2022-12-13T11:44:24","slug":"homepage","status":"publish","type":"page","link":"https:\/\/aeskulap-international.com\/de\/","title":{"rendered":"Willkommen bei Aeskulap International"},"content":{"rendered":"\n<p>Aeskulap International, mit Sitz in der Schweiz, repr\u00e4sentiert eine Gruppe von Unternehmen, die in den folgenden Bereichen t\u00e4tig sind: Bereitstellung fortschrittlicher medizinischer Dienstleistungen f\u00fcr Patienten auf der ganzen Welt, medizinische Forschung und Entwicklung, medizinische Ausbildung und Herstellung hochwertiger Arzneiprodukte &amp; Nahrungserg\u00e4nzungsmittel.<\/p>\n\n\n\n<p>Unsere Mission ist es, die Gesundheit des Einzelnen und der Gesellschaft insgesamt zu verbessern und zu erhalten, Krankheiten wie Krebs vorzubeugen und zu heilen, Leiden zu lindern und die Lebensqualit\u00e4t von Betroffenen zu steigern. Unsere Vision ist es, unsere Unternehmensgruppe zu st\u00e4rken, um in ihren jeweiligen Bereichen f\u00fchrend zu werden und unseren Patienten maximale Versorgung und Entlastung zu bieten. Zudem wird eine angemessene Rendite f\u00fcr unsere Aktion\u00e4re sichergestellt, die diejenigen belohnt, die ihr Geld, ihre Zeit und ihre M\u00fche investieren.<\/p>\n\n\n\n<h4 class=\"wp-block-heading\" id=\"h-aeskulap-international-setzt-sich-aus-folgenden-abteilungen-zusammen\">Aeskulap International setzt sich aus folgenden Abteilungen zusammen:<\/h4>\n\n\n\n<ul class=\"wp-block-list\">\n<li><a href=\"http:\/\/integrative-cancer-care.org\/de\" target=\"_blank\" rel=\"noreferrer noopener\">Integrative Cancer Care<\/a>: Unsere Online-Plattform f\u00fcr medizinische Beratung in Europa, den USA, dem Nahen Osten und Asien, unterst\u00fctzt von Aeskulap International Medical Services (AIMS) AG<\/li>\n\n\n\n<li>Medizinische Forschung und Entwicklung: Aeskulap International R&amp;D AG<\/li>\n\n\n\n<li>Unsere Internationale Vereinigung f\u00fcr Organotherapie und Stammzelltransplantation (IAOS)<\/li>\n\n\n\n<li>Herstellung: Aeskulap \/ Aeskina Limited<\/li>\n\n\n\n<li>Unser Franchise-Unternehmen in Asien: Aeskulap Asia (Malaysia) Limited (BHD.SDN) entwickelt unsere Dienstleistungen auf dem indonesischen Markt<\/li>\n<\/ul>\n","protected":false},"excerpt":{"rendered":"<p>Aeskulap International, mit Sitz in der Schweiz, repr\u00e4sentiert eine Gruppe von Unternehmen, die in den folgenden Bereichen t\u00e4tig sind: Bereitstellung fortschrittlicher medizinischer Dienstleistungen f\u00fcr Patienten auf der ganzen Welt, medizinische Forschung und Entwicklung, medizinische Ausbildung und Herstellung hochwertiger Arzneiprodukte &amp; Nahrungserg\u00e4nzungsmittel. Unsere Mission ist es, die Gesundheit des Einzelnen und der Gesellschaft insgesamt zu verbessern &#8230; <a title=\"Willkommen bei Aeskulap International\" class=\"read-more\" href=\"https:\/\/aeskulap-international.com\/de\/\" aria-label=\"Mehr Informationen \u00fcber Willkommen bei Aeskulap International\">Weiterlesen &#8230;<\/a><\/p>\n","protected":false},"author":1,"featured_media":631,"parent":0,"menu_order":0,"comment_status":"closed","ping_status":"closed","template":"","meta":{"footnotes":""},"class_list":["post-13","page","type-page","status-publish","has-post-thumbnail"],"yoast_head":"<!-- This site is optimized with the Yoast SEO Premium plugin v27.4 (Yoast SEO v27.4) - https:\/\/yoast.com\/product\/yoast-seo-premium-wordpress\/ -->\n<title>Willkommen bei Aeskulap International - Aeskulap International AG<\/title>\n<meta name=\"description\" content=\"Willkommen bei Aeskulap-International, einer Unternehmensgruppe mit Sitz in der Schweiz, die weltweit Menschen mit schweren Krankheiten, wie Krebs, versorgt.\" \/>\n<meta name=\"robots\" content=\"index, follow, max-snippet:-1, max-image-preview:large, max-video-preview:-1\" \/>\n<link rel=\"canonical\" href=\"https:\/\/aeskulap-international.com\/de\/\" \/>\n<meta property=\"og:locale\" content=\"de_DE\" \/>\n<meta property=\"og:type\" content=\"article\" \/>\n<meta property=\"og:title\" content=\"Willkommen bei Aeskulap International\" \/>\n<meta property=\"og:description\" content=\"Willkommen bei Aeskulap-International, einer Unternehmensgruppe mit Sitz in der Schweiz, die weltweit Menschen mit schweren Krankheiten, wie Krebs, versorgt.\" \/>\n<meta property=\"og:url\" content=\"https:\/\/aeskulap-international.com\/de\/\" \/>\n<meta property=\"og:site_name\" content=\"Aeskulap International AG\" \/>\n<meta property=\"article:modified_time\" content=\"2022-12-13T11:44:24+00:00\" \/>\n<meta property=\"og:image\" content=\"https:\/\/aeskulap-international.com\/wp-content\/uploads\/2021\/07\/Aeskulap-International-About-us.jpg\" \/>\n\t<meta property=\"og:image:width\" content=\"1340\" \/>\n\t<meta property=\"og:image:height\" content=\"400\" \/>\n\t<meta property=\"og:image:type\" content=\"image\/jpeg\" \/>\n<meta name=\"twitter:label1\" content=\"Gesch\u00e4tzte Lesezeit\" \/>\n\t<meta name=\"twitter:data1\" content=\"1\u00a0Minute\" \/>\n<script type=\"application\/ld+json\" class=\"yoast-schema-graph\">{\"@context\":\"https:\\\/\\\/schema.org\",\"@graph\":[{\"@type\":\"WebPage\",\"@id\":\"https:\\\/\\\/aeskulap-international.com\\\/de\\\/\",\"url\":\"https:\\\/\\\/aeskulap-international.com\\\/de\\\/\",\"name\":\"Willkommen bei Aeskulap International - Aeskulap International AG\",\"isPartOf\":{\"@id\":\"https:\\\/\\\/aeskulap-international.com\\\/de\\\/#website\"},\"primaryImageOfPage\":{\"@id\":\"https:\\\/\\\/aeskulap-international.com\\\/de\\\/#primaryimage\"},\"image\":{\"@id\":\"https:\\\/\\\/aeskulap-international.com\\\/de\\\/#primaryimage\"},\"thumbnailUrl\":\"https:\\\/\\\/aeskulap-international.com\\\/wp-content\\\/uploads\\\/2021\\\/07\\\/Aeskulap-International-About-us.jpg\",\"datePublished\":\"2014-03-23T11:26:21+00:00\",\"dateModified\":\"2022-12-13T11:44:24+00:00\",\"description\":\"Willkommen bei Aeskulap-International, einer Unternehmensgruppe mit Sitz in der Schweiz, die weltweit Menschen mit schweren Krankheiten, wie Krebs, versorgt.\",\"breadcrumb\":{\"@id\":\"https:\\\/\\\/aeskulap-international.com\\\/de\\\/#breadcrumb\"},\"inLanguage\":\"de\",\"potentialAction\":[{\"@type\":\"ReadAction\",\"target\":[\"https:\\\/\\\/aeskulap-international.com\\\/de\\\/\"]}]},{\"@type\":\"ImageObject\",\"inLanguage\":\"de\",\"@id\":\"https:\\\/\\\/aeskulap-international.com\\\/de\\\/#primaryimage\",\"url\":\"https:\\\/\\\/aeskulap-international.com\\\/wp-content\\\/uploads\\\/2021\\\/07\\\/Aeskulap-International-About-us.jpg\",\"contentUrl\":\"https:\\\/\\\/aeskulap-international.com\\\/wp-content\\\/uploads\\\/2021\\\/07\\\/Aeskulap-International-About-us.jpg\",\"width\":1340,\"height\":400},{\"@type\":\"BreadcrumbList\",\"@id\":\"https:\\\/\\\/aeskulap-international.com\\\/de\\\/#breadcrumb\",\"itemListElement\":[{\"@type\":\"ListItem\",\"position\":1,\"name\":\"Home\",\"item\":\"https:\\\/\\\/aeskulap-international.com\\\/de\\\/\"},{\"@type\":\"ListItem\",\"position\":2,\"name\":\"Willkommen bei Aeskulap International\"}]},{\"@type\":\"WebSite\",\"@id\":\"https:\\\/\\\/aeskulap-international.com\\\/de\\\/#website\",\"url\":\"https:\\\/\\\/aeskulap-international.com\\\/de\\\/\",\"name\":\"Aeskulap International AG\",\"description\":\"A Straight Line to High-Tech Medicine in Switzerland\",\"publisher\":{\"@id\":\"https:\\\/\\\/aeskulap-international.com\\\/de\\\/#organization\"},\"potentialAction\":[{\"@type\":\"SearchAction\",\"target\":{\"@type\":\"EntryPoint\",\"urlTemplate\":\"https:\\\/\\\/aeskulap-international.com\\\/de\\\/?s={search_term_string}\"},\"query-input\":{\"@type\":\"PropertyValueSpecification\",\"valueRequired\":true,\"valueName\":\"search_term_string\"}}],\"inLanguage\":\"de\"},{\"@type\":\"Organization\",\"@id\":\"https:\\\/\\\/aeskulap-international.com\\\/de\\\/#organization\",\"name\":\"Aeskulap International AG\",\"url\":\"https:\\\/\\\/aeskulap-international.com\\\/de\\\/\",\"logo\":{\"@type\":\"ImageObject\",\"inLanguage\":\"de\",\"@id\":\"https:\\\/\\\/aeskulap-international.com\\\/de\\\/#\\\/schema\\\/logo\\\/image\\\/\",\"url\":\"https:\\\/\\\/aeskulap-international.com\\\/wp-content\\\/uploads\\\/2014\\\/09\\\/logoline.png\",\"contentUrl\":\"https:\\\/\\\/aeskulap-international.com\\\/wp-content\\\/uploads\\\/2014\\\/09\\\/logoline.png\",\"width\":424,\"height\":120,\"caption\":\"Aeskulap International AG\"},\"image\":{\"@id\":\"https:\\\/\\\/aeskulap-international.com\\\/de\\\/#\\\/schema\\\/logo\\\/image\\\/\"}}]}<\/script>\n<!-- \/ Yoast SEO Premium plugin. -->","yoast_head_json":{"title":"Willkommen bei Aeskulap International - Aeskulap International AG","description":"Willkommen bei Aeskulap-International, einer Unternehmensgruppe mit Sitz in der Schweiz, die weltweit Menschen mit schweren Krankheiten, wie Krebs, versorgt.","robots":{"index":"index","follow":"follow","max-snippet":"max-snippet:-1","max-image-preview":"max-image-preview:large","max-video-preview":"max-video-preview:-1"},"canonical":"https:\/\/aeskulap-international.com\/de\/","og_locale":"de_DE","og_type":"article","og_title":"Willkommen bei Aeskulap International","og_description":"Willkommen bei Aeskulap-International, einer Unternehmensgruppe mit Sitz in der Schweiz, die weltweit Menschen mit schweren Krankheiten, wie Krebs, versorgt.","og_url":"https:\/\/aeskulap-international.com\/de\/","og_site_name":"Aeskulap International AG","article_modified_time":"2022-12-13T11:44:24+00:00","og_image":[{"width":1340,"height":400,"url":"https:\/\/aeskulap-international.com\/wp-content\/uploads\/2021\/07\/Aeskulap-International-About-us.jpg","type":"image\/jpeg"}],"twitter_misc":{"Gesch\u00e4tzte Lesezeit":"1\u00a0Minute"},"schema":{"@context":"https:\/\/schema.org","@graph":[{"@type":"WebPage","@id":"https:\/\/aeskulap-international.com\/de\/","url":"https:\/\/aeskulap-international.com\/de\/","name":"Willkommen bei Aeskulap International - Aeskulap International AG","isPartOf":{"@id":"https:\/\/aeskulap-international.com\/de\/#website"},"primaryImageOfPage":{"@id":"https:\/\/aeskulap-international.com\/de\/#primaryimage"},"image":{"@id":"https:\/\/aeskulap-international.com\/de\/#primaryimage"},"thumbnailUrl":"https:\/\/aeskulap-international.com\/wp-content\/uploads\/2021\/07\/Aeskulap-International-About-us.jpg","datePublished":"2014-03-23T11:26:21+00:00","dateModified":"2022-12-13T11:44:24+00:00","description":"Willkommen bei Aeskulap-International, einer Unternehmensgruppe mit Sitz in der Schweiz, die weltweit Menschen mit schweren Krankheiten, wie Krebs, versorgt.","breadcrumb":{"@id":"https:\/\/aeskulap-international.com\/de\/#breadcrumb"},"inLanguage":"de","potentialAction":[{"@type":"ReadAction","target":["https:\/\/aeskulap-international.com\/de\/"]}]},{"@type":"ImageObject","inLanguage":"de","@id":"https:\/\/aeskulap-international.com\/de\/#primaryimage","url":"https:\/\/aeskulap-international.com\/wp-content\/uploads\/2021\/07\/Aeskulap-International-About-us.jpg","contentUrl":"https:\/\/aeskulap-international.com\/wp-content\/uploads\/2021\/07\/Aeskulap-International-About-us.jpg","width":1340,"height":400},{"@type":"BreadcrumbList","@id":"https:\/\/aeskulap-international.com\/de\/#breadcrumb","itemListElement":[{"@type":"ListItem","position":1,"name":"Home","item":"https:\/\/aeskulap-international.com\/de\/"},{"@type":"ListItem","position":2,"name":"Willkommen bei Aeskulap International"}]},{"@type":"WebSite","@id":"https:\/\/aeskulap-international.com\/de\/#website","url":"https:\/\/aeskulap-international.com\/de\/","name":"Aeskulap International AG","description":"A Straight Line to High-Tech Medicine in Switzerland","publisher":{"@id":"https:\/\/aeskulap-international.com\/de\/#organization"},"potentialAction":[{"@type":"SearchAction","target":{"@type":"EntryPoint","urlTemplate":"https:\/\/aeskulap-international.com\/de\/?s={search_term_string}"},"query-input":{"@type":"PropertyValueSpecification","valueRequired":true,"valueName":"search_term_string"}}],"inLanguage":"de"},{"@type":"Organization","@id":"https:\/\/aeskulap-international.com\/de\/#organization","name":"Aeskulap International AG","url":"https:\/\/aeskulap-international.com\/de\/","logo":{"@type":"ImageObject","inLanguage":"de","@id":"https:\/\/aeskulap-international.com\/de\/#\/schema\/logo\/image\/","url":"https:\/\/aeskulap-international.com\/wp-content\/uploads\/2014\/09\/logoline.png","contentUrl":"https:\/\/aeskulap-international.com\/wp-content\/uploads\/2014\/09\/logoline.png","width":424,"height":120,"caption":"Aeskulap International AG"},"image":{"@id":"https:\/\/aeskulap-international.com\/de\/#\/schema\/logo\/image\/"}}]}},"_links":{"self":[{"href":"https:\/\/aeskulap-international.com\/de\/wp-json\/wp\/v2\/pages\/13","targetHints":{"allow":["GET"]}}],"collection":[{"href":"https:\/\/aeskulap-international.com\/de\/wp-json\/wp\/v2\/pages"}],"about":[{"href":"https:\/\/aeskulap-international.com\/de\/wp-json\/wp\/v2\/types\/page"}],"author":[{"embeddable":true,"href":"https:\/\/aeskulap-international.com\/de\/wp-json\/wp\/v2\/users\/1"}],"replies":[{"embeddable":true,"href":"https:\/\/aeskulap-international.com\/de\/wp-json\/wp\/v2\/comments?post=13"}],"version-history":[{"count":3,"href":"https:\/\/aeskulap-international.com\/de\/wp-json\/wp\/v2\/pages\/13\/revisions"}],"predecessor-version":[{"id":726,"href":"https:\/\/aeskulap-international.com\/de\/wp-json\/wp\/v2\/pages\/13\/revisions\/726"}],"wp:featuredmedia":[{"embeddable":true,"href":"https:\/\/aeskulap-international.com\/de\/wp-json\/wp\/v2\/media\/631"}],"wp:attachment":[{"href":"https:\/\/aeskulap-international.com\/de\/wp-json\/wp\/v2\/media?parent=13"}],"curies":[{"name":"wp","href":"https:\/\/api.w.org\/{rel}","templated":true}]}}