{"id":132,"date":"2014-03-27T19:37:15","date_gmt":"2014-03-27T18:37:15","guid":{"rendered":"http:\/\/aeskulap-international.com\/medical-services\/access-to-leading-therapies\/"},"modified":"2023-04-11T16:45:05","modified_gmt":"2023-04-11T15:45:05","slug":"integrative-cancer-care","status":"publish","type":"page","link":"https:\/\/aeskulap-international.com\/de\/medizinische-beratung\/integrative-cancer-care\/","title":{"rendered":"Integrative Cancer Care"},"content":{"rendered":"\n<p><a href=\"https:\/\/integrative-cancer-care.org\/de\" target=\"_blank\" rel=\"noreferrer noopener\">Integrative Cancer Care<\/a> wurde 2020 gegr\u00fcndet und ist eine Online-Plattform, die sich den medizinischen Beratungsdiensten widmet, die unter dem Dach von Aeskulap-International angeboten werden.<\/p>\n\n\n\n<p>Diese Plattform entsprang urspr\u00fcnglich der Idee von Prof. Dr. Dr. Ben Pfeifer. Aus seinem weltweiten professionellen Netzwerk hat er die besten Fach\u00e4rzte ausgew\u00e4hlt und so ein virtuelles internationales Tumorboard geschaffen, um Krebspatienten zu beraten, zu unterst\u00fctzen und sie zu bef\u00e4higen, ihren Krankheitsverlauf besser zu steuern. Unsere internationalen Gesundheitsexperten bieten pers\u00f6nliche, medizinische Diagnose und Beratung, Behandlungsempfehlungen, Zweitmeinungen, sowie ern\u00e4hrungsphysiologische und psychologische Betreuung f\u00fcr Krebspatienten aller Krankheitsstadien.<\/p>\n\n\n\n<p>Die \u00fcber Integrative Cancer Care vereinten Fach\u00e4rzte arbeiten in einigen der besten medizinischen Einrichtungen der Welt und bieten unseren Patienten Zugang zu ihren hochmodernen Diagnose- und Behandlungsmethoden.<\/p>\n\n\n\n<p>Mit unserem integrativen Ansatz streben wir danach, die Diagnose und Behandlung von Krebspatienten zu verbessern und nicht nur das \u00dcberleben, sondern auch ein l\u00e4ngeres, krankheitsfreies Leben bei guter Lebensqualit\u00e4t zu erm\u00f6glichen. Unser erfahrenes \u00c4rzteteam empfiehlt nicht nur die bestm\u00f6glichen Diagnose- und Behandlungsmethoden f\u00fcr den einzelnen Krebspatienten, sondern immer auch Ma\u00dfnahmen zur Steigerung des k\u00f6rperlichen und geistigen Wohlbefindens unserer Patienten.<\/p>\n\n\n\n<p>Wir garantieren Ihnen einen Arzttermin mit unseren hochqualifizierten und erfahrenen Spezialisten innerhalb von 72 Stunden. Besuchen Sie unsere Internetseite f\u00fcr die <a href=\"https:\/\/integrative-cancer-care.org\/de\/konsultation-buchen\/\" target=\"_blank\" rel=\"noreferrer noopener\">Vereinbarung Ihres ersten Beratungstermins<\/a>.<\/p>\n","protected":false},"excerpt":{"rendered":"<p>Integrative Cancer Care wurde 2020 gegr\u00fcndet und ist eine Online-Plattform, die sich den medizinischen Beratungsdiensten widmet, die unter dem Dach von Aeskulap-International angeboten werden. Diese Plattform entsprang urspr\u00fcnglich der Idee von Prof. Dr. Dr. Ben Pfeifer. Aus seinem weltweiten professionellen Netzwerk hat er die besten Fach\u00e4rzte ausgew\u00e4hlt und so ein virtuelles internationales Tumorboard geschaffen, um &#8230; <a title=\"Integrative Cancer Care\" class=\"read-more\" href=\"https:\/\/aeskulap-international.com\/de\/medizinische-beratung\/integrative-cancer-care\/\" aria-label=\"Mehr Informationen \u00fcber Integrative Cancer Care\">Weiterlesen &#8230;<\/a><\/p>\n","protected":false},"author":1,"featured_media":633,"parent":22,"menu_order":0,"comment_status":"closed","ping_status":"closed","template":"","meta":{"footnotes":""},"class_list":["post-132","page","type-page","status-publish","has-post-thumbnail"],"yoast_head":"<!-- This site is optimized with the Yoast SEO Premium plugin v27.4 (Yoast SEO v27.4) - https:\/\/yoast.com\/product\/yoast-seo-premium-wordpress\/ -->\n<title>Integrative Cancer Care, ein ganzheitlicher Ansatz zur Krebsbehandlung<\/title>\n<meta name=\"description\" content=\"Treffen Sie sich mit den renommierten \u00c4rzten von Integrative Cancer Care und holen Sie sich eine zweite Meinung zu Ihrer Krebsbehandlung mit einem integrativen Ansatz ein.\" \/>\n<meta name=\"robots\" content=\"index, follow, max-snippet:-1, max-image-preview:large, max-video-preview:-1\" \/>\n<link rel=\"canonical\" href=\"https:\/\/aeskulap-international.com\/de\/medizinische-beratung\/integrative-cancer-care\/\" \/>\n<meta property=\"og:locale\" content=\"de_DE\" \/>\n<meta property=\"og:type\" content=\"article\" \/>\n<meta property=\"og:title\" content=\"Integrative Cancer Care\" \/>\n<meta property=\"og:description\" content=\"Treffen Sie sich mit den renommierten \u00c4rzten von Integrative Cancer Care und holen Sie sich eine zweite Meinung zu Ihrer Krebsbehandlung mit einem integrativen Ansatz ein.\" \/>\n<meta property=\"og:url\" content=\"https:\/\/aeskulap-international.com\/de\/medizinische-beratung\/integrative-cancer-care\/\" \/>\n<meta property=\"og:site_name\" content=\"Aeskulap International AG\" \/>\n<meta property=\"article:modified_time\" content=\"2023-04-11T15:45:05+00:00\" \/>\n<meta property=\"og:image\" content=\"https:\/\/aeskulap-international.com\/wp-content\/uploads\/2021\/07\/Integrative-Cancer-Care.jpg\" \/>\n\t<meta property=\"og:image:width\" content=\"1340\" \/>\n\t<meta property=\"og:image:height\" content=\"400\" \/>\n\t<meta property=\"og:image:type\" content=\"image\/jpeg\" \/>\n<meta name=\"twitter:label1\" content=\"Gesch\u00e4tzte Lesezeit\" \/>\n\t<meta name=\"twitter:data1\" content=\"1\u00a0Minute\" \/>\n<script type=\"application\/ld+json\" class=\"yoast-schema-graph\">{\"@context\":\"https:\\\/\\\/schema.org\",\"@graph\":[{\"@type\":\"WebPage\",\"@id\":\"https:\\\/\\\/aeskulap-international.com\\\/de\\\/medizinische-beratung\\\/integrative-cancer-care\\\/\",\"url\":\"https:\\\/\\\/aeskulap-international.com\\\/de\\\/medizinische-beratung\\\/integrative-cancer-care\\\/\",\"name\":\"Integrative Cancer Care, ein ganzheitlicher Ansatz zur Krebsbehandlung\",\"isPartOf\":{\"@id\":\"https:\\\/\\\/aeskulap-international.com\\\/de\\\/#website\"},\"primaryImageOfPage\":{\"@id\":\"https:\\\/\\\/aeskulap-international.com\\\/de\\\/medizinische-beratung\\\/integrative-cancer-care\\\/#primaryimage\"},\"image\":{\"@id\":\"https:\\\/\\\/aeskulap-international.com\\\/de\\\/medizinische-beratung\\\/integrative-cancer-care\\\/#primaryimage\"},\"thumbnailUrl\":\"https:\\\/\\\/aeskulap-international.com\\\/wp-content\\\/uploads\\\/2021\\\/07\\\/Integrative-Cancer-Care.jpg\",\"datePublished\":\"2014-03-27T18:37:15+00:00\",\"dateModified\":\"2023-04-11T15:45:05+00:00\",\"description\":\"Treffen Sie sich mit den renommierten \u00c4rzten von Integrative Cancer Care und holen Sie sich eine zweite Meinung zu Ihrer Krebsbehandlung mit einem integrativen Ansatz ein.\",\"breadcrumb\":{\"@id\":\"https:\\\/\\\/aeskulap-international.com\\\/de\\\/medizinische-beratung\\\/integrative-cancer-care\\\/#breadcrumb\"},\"inLanguage\":\"de\",\"potentialAction\":[{\"@type\":\"ReadAction\",\"target\":[\"https:\\\/\\\/aeskulap-international.com\\\/de\\\/medizinische-beratung\\\/integrative-cancer-care\\\/\"]}]},{\"@type\":\"ImageObject\",\"inLanguage\":\"de\",\"@id\":\"https:\\\/\\\/aeskulap-international.com\\\/de\\\/medizinische-beratung\\\/integrative-cancer-care\\\/#primaryimage\",\"url\":\"https:\\\/\\\/aeskulap-international.com\\\/wp-content\\\/uploads\\\/2021\\\/07\\\/Integrative-Cancer-Care.jpg\",\"contentUrl\":\"https:\\\/\\\/aeskulap-international.com\\\/wp-content\\\/uploads\\\/2021\\\/07\\\/Integrative-Cancer-Care.jpg\",\"width\":1340,\"height\":400,\"caption\":\"Integrative Cancer Care\"},{\"@type\":\"BreadcrumbList\",\"@id\":\"https:\\\/\\\/aeskulap-international.com\\\/de\\\/medizinische-beratung\\\/integrative-cancer-care\\\/#breadcrumb\",\"itemListElement\":[{\"@type\":\"ListItem\",\"position\":1,\"name\":\"Home\",\"item\":\"https:\\\/\\\/aeskulap-international.com\\\/de\\\/\"},{\"@type\":\"ListItem\",\"position\":2,\"name\":\"Medizinische Beratung\",\"item\":\"https:\\\/\\\/aeskulap-international.com\\\/de\\\/medizinische-beratung\\\/\"},{\"@type\":\"ListItem\",\"position\":3,\"name\":\"Integrative Cancer Care\"}]},{\"@type\":\"WebSite\",\"@id\":\"https:\\\/\\\/aeskulap-international.com\\\/de\\\/#website\",\"url\":\"https:\\\/\\\/aeskulap-international.com\\\/de\\\/\",\"name\":\"Aeskulap International AG\",\"description\":\"A Straight Line to High-Tech Medicine in Switzerland\",\"publisher\":{\"@id\":\"https:\\\/\\\/aeskulap-international.com\\\/de\\\/#organization\"},\"potentialAction\":[{\"@type\":\"SearchAction\",\"target\":{\"@type\":\"EntryPoint\",\"urlTemplate\":\"https:\\\/\\\/aeskulap-international.com\\\/de\\\/?s={search_term_string}\"},\"query-input\":{\"@type\":\"PropertyValueSpecification\",\"valueRequired\":true,\"valueName\":\"search_term_string\"}}],\"inLanguage\":\"de\"},{\"@type\":\"Organization\",\"@id\":\"https:\\\/\\\/aeskulap-international.com\\\/de\\\/#organization\",\"name\":\"Aeskulap International AG\",\"url\":\"https:\\\/\\\/aeskulap-international.com\\\/de\\\/\",\"logo\":{\"@type\":\"ImageObject\",\"inLanguage\":\"de\",\"@id\":\"https:\\\/\\\/aeskulap-international.com\\\/de\\\/#\\\/schema\\\/logo\\\/image\\\/\",\"url\":\"https:\\\/\\\/aeskulap-international.com\\\/wp-content\\\/uploads\\\/2014\\\/09\\\/logoline.png\",\"contentUrl\":\"https:\\\/\\\/aeskulap-international.com\\\/wp-content\\\/uploads\\\/2014\\\/09\\\/logoline.png\",\"width\":424,\"height\":120,\"caption\":\"Aeskulap International AG\"},\"image\":{\"@id\":\"https:\\\/\\\/aeskulap-international.com\\\/de\\\/#\\\/schema\\\/logo\\\/image\\\/\"}}]}<\/script>\n<!-- \/ Yoast SEO Premium plugin. -->","yoast_head_json":{"title":"Integrative Cancer Care, ein ganzheitlicher Ansatz zur Krebsbehandlung","description":"Treffen Sie sich mit den renommierten \u00c4rzten von Integrative Cancer Care und holen Sie sich eine zweite Meinung zu Ihrer Krebsbehandlung mit einem integrativen Ansatz ein.","robots":{"index":"index","follow":"follow","max-snippet":"max-snippet:-1","max-image-preview":"max-image-preview:large","max-video-preview":"max-video-preview:-1"},"canonical":"https:\/\/aeskulap-international.com\/de\/medizinische-beratung\/integrative-cancer-care\/","og_locale":"de_DE","og_type":"article","og_title":"Integrative Cancer Care","og_description":"Treffen Sie sich mit den renommierten \u00c4rzten von Integrative Cancer Care und holen Sie sich eine zweite Meinung zu Ihrer Krebsbehandlung mit einem integrativen Ansatz ein.","og_url":"https:\/\/aeskulap-international.com\/de\/medizinische-beratung\/integrative-cancer-care\/","og_site_name":"Aeskulap International AG","article_modified_time":"2023-04-11T15:45:05+00:00","og_image":[{"width":1340,"height":400,"url":"https:\/\/aeskulap-international.com\/wp-content\/uploads\/2021\/07\/Integrative-Cancer-Care.jpg","type":"image\/jpeg"}],"twitter_misc":{"Gesch\u00e4tzte Lesezeit":"1\u00a0Minute"},"schema":{"@context":"https:\/\/schema.org","@graph":[{"@type":"WebPage","@id":"https:\/\/aeskulap-international.com\/de\/medizinische-beratung\/integrative-cancer-care\/","url":"https:\/\/aeskulap-international.com\/de\/medizinische-beratung\/integrative-cancer-care\/","name":"Integrative Cancer Care, ein ganzheitlicher Ansatz zur Krebsbehandlung","isPartOf":{"@id":"https:\/\/aeskulap-international.com\/de\/#website"},"primaryImageOfPage":{"@id":"https:\/\/aeskulap-international.com\/de\/medizinische-beratung\/integrative-cancer-care\/#primaryimage"},"image":{"@id":"https:\/\/aeskulap-international.com\/de\/medizinische-beratung\/integrative-cancer-care\/#primaryimage"},"thumbnailUrl":"https:\/\/aeskulap-international.com\/wp-content\/uploads\/2021\/07\/Integrative-Cancer-Care.jpg","datePublished":"2014-03-27T18:37:15+00:00","dateModified":"2023-04-11T15:45:05+00:00","description":"Treffen Sie sich mit den renommierten \u00c4rzten von Integrative Cancer Care und holen Sie sich eine zweite Meinung zu Ihrer Krebsbehandlung mit einem integrativen Ansatz ein.","breadcrumb":{"@id":"https:\/\/aeskulap-international.com\/de\/medizinische-beratung\/integrative-cancer-care\/#breadcrumb"},"inLanguage":"de","potentialAction":[{"@type":"ReadAction","target":["https:\/\/aeskulap-international.com\/de\/medizinische-beratung\/integrative-cancer-care\/"]}]},{"@type":"ImageObject","inLanguage":"de","@id":"https:\/\/aeskulap-international.com\/de\/medizinische-beratung\/integrative-cancer-care\/#primaryimage","url":"https:\/\/aeskulap-international.com\/wp-content\/uploads\/2021\/07\/Integrative-Cancer-Care.jpg","contentUrl":"https:\/\/aeskulap-international.com\/wp-content\/uploads\/2021\/07\/Integrative-Cancer-Care.jpg","width":1340,"height":400,"caption":"Integrative Cancer Care"},{"@type":"BreadcrumbList","@id":"https:\/\/aeskulap-international.com\/de\/medizinische-beratung\/integrative-cancer-care\/#breadcrumb","itemListElement":[{"@type":"ListItem","position":1,"name":"Home","item":"https:\/\/aeskulap-international.com\/de\/"},{"@type":"ListItem","position":2,"name":"Medizinische Beratung","item":"https:\/\/aeskulap-international.com\/de\/medizinische-beratung\/"},{"@type":"ListItem","position":3,"name":"Integrative Cancer Care"}]},{"@type":"WebSite","@id":"https:\/\/aeskulap-international.com\/de\/#website","url":"https:\/\/aeskulap-international.com\/de\/","name":"Aeskulap International AG","description":"A Straight Line to High-Tech Medicine in Switzerland","publisher":{"@id":"https:\/\/aeskulap-international.com\/de\/#organization"},"potentialAction":[{"@type":"SearchAction","target":{"@type":"EntryPoint","urlTemplate":"https:\/\/aeskulap-international.com\/de\/?s={search_term_string}"},"query-input":{"@type":"PropertyValueSpecification","valueRequired":true,"valueName":"search_term_string"}}],"inLanguage":"de"},{"@type":"Organization","@id":"https:\/\/aeskulap-international.com\/de\/#organization","name":"Aeskulap International AG","url":"https:\/\/aeskulap-international.com\/de\/","logo":{"@type":"ImageObject","inLanguage":"de","@id":"https:\/\/aeskulap-international.com\/de\/#\/schema\/logo\/image\/","url":"https:\/\/aeskulap-international.com\/wp-content\/uploads\/2014\/09\/logoline.png","contentUrl":"https:\/\/aeskulap-international.com\/wp-content\/uploads\/2014\/09\/logoline.png","width":424,"height":120,"caption":"Aeskulap International AG"},"image":{"@id":"https:\/\/aeskulap-international.com\/de\/#\/schema\/logo\/image\/"}}]}},"_links":{"self":[{"href":"https:\/\/aeskulap-international.com\/de\/wp-json\/wp\/v2\/pages\/132","targetHints":{"allow":["GET"]}}],"collection":[{"href":"https:\/\/aeskulap-international.com\/de\/wp-json\/wp\/v2\/pages"}],"about":[{"href":"https:\/\/aeskulap-international.com\/de\/wp-json\/wp\/v2\/types\/page"}],"author":[{"embeddable":true,"href":"https:\/\/aeskulap-international.com\/de\/wp-json\/wp\/v2\/users\/1"}],"replies":[{"embeddable":true,"href":"https:\/\/aeskulap-international.com\/de\/wp-json\/wp\/v2\/comments?post=132"}],"version-history":[{"count":3,"href":"https:\/\/aeskulap-international.com\/de\/wp-json\/wp\/v2\/pages\/132\/revisions"}],"predecessor-version":[{"id":749,"href":"https:\/\/aeskulap-international.com\/de\/wp-json\/wp\/v2\/pages\/132\/revisions\/749"}],"up":[{"embeddable":true,"href":"https:\/\/aeskulap-international.com\/de\/wp-json\/wp\/v2\/pages\/22"}],"wp:featuredmedia":[{"embeddable":true,"href":"https:\/\/aeskulap-international.com\/de\/wp-json\/wp\/v2\/media\/633"}],"wp:attachment":[{"href":"https:\/\/aeskulap-international.com\/de\/wp-json\/wp\/v2\/media?parent=132"}],"curies":[{"name":"wp","href":"https:\/\/api.w.org\/{rel}","templated":true}]}}