{"id":150,"date":"2014-03-27T19:49:30","date_gmt":"2014-03-27T18:49:30","guid":{"rendered":"http:\/\/aeskulap-international.com\/medical-products\/product-range\/"},"modified":"2021-09-20T10:48:05","modified_gmt":"2021-09-20T09:48:05","slug":"nahrungsergaenzungsmittel","status":"publish","type":"page","link":"https:\/\/aeskulap-international.com\/de\/komplementare-medizin\/nahrungsergaenzungsmittel\/","title":{"rendered":"Unsere Produkte"},"content":{"rendered":"\n<p><span style=\"font-weight: 400;\">Bei der Herstellung der Arznei- und Nahrungserg\u00e4nzungsmittel von Aeskulap International gelten dieselben strengen Qualit\u00e4tsstandards, die seitens all unserer Auftragsfertiger gefordert werden. Unsere Produkte werden nach den sogenannten Hazard Analysis &amp; Critical Control Point (HACCP)-Richtlinien, sowie gem\u00e4\u00df der Richtlinien der Good Manufacturing Practice (<\/span><a href=\"http:\/\/_wp_link_placeholder\" target=\"_blank\" rel=\"noreferrer noopener\"><span style=\"font-weight: 400;\">GMP<\/span><\/a><span style=\"font-weight: 400;\">) hergestellt. Alle Produkte entsprechen au\u00dferdem den Qualit\u00e4tsanspr\u00fcchen der Europ\u00e4ischen Pharmakop\u00f6e (Ph. Eur.).<\/span><\/p>\n\n\n<div class=\"responsive-tabs\">\n<h2 class=\"tabtitle\">Aeskulap-CA-Statin<\/h2>\n<div class=\"tabcontent\">\n\n\n\n\n<div class=\"wp-block-image\"><figure class=\"alignright size-medium\"><a href=\"https:\/\/aeskulap-international.com\/wp-content\/uploads\/2021\/07\/CA-STATIN.jpg\" data-lbwps-width=\"1200\" data-lbwps-height=\"800\" data-lbwps-srcsmall=\"https:\/\/aeskulap-international.com\/wp-content\/uploads\/2021\/07\/CA-STATIN-300x200.jpg\"><img loading=\"lazy\" decoding=\"async\" width=\"300\" height=\"200\" src=\"https:\/\/aeskulap-international.com\/wp-content\/uploads\/2021\/07\/CA-STATIN-300x200.jpg\" alt=\"\" class=\"wp-image-473\" srcset=\"https:\/\/aeskulap-international.com\/wp-content\/uploads\/2021\/07\/CA-STATIN-300x200.jpg 300w, https:\/\/aeskulap-international.com\/wp-content\/uploads\/2021\/07\/CA-STATIN-1024x683.jpg 1024w, https:\/\/aeskulap-international.com\/wp-content\/uploads\/2021\/07\/CA-STATIN-768x512.jpg 768w, https:\/\/aeskulap-international.com\/wp-content\/uploads\/2021\/07\/CA-STATIN.jpg 1200w\" sizes=\"auto, (max-width: 300px) 100vw, 300px\" \/><\/a><\/figure><\/div>\n\n\n\n<p><span style=\"font-weight: 400;\"><strong>Aeskulap-CA-Statin<\/strong> (ACAS) enth\u00e4lt einen markengesch\u00fctzten Extrakt der Ackerwinde (Convolvulus arvensis), bestehend aus verschiedenen Proteoglykan-Molek\u00fclen in Kombination mit Extrakten der folgenden drei Heilpflanzen: Corydalis-Rhizom (Corydalis yanhusuo), Lycoris radiata und Patrinia heterophylla. Aeskulap-CA-Statin hemmt signifikant das Wachstum abnormer Zellen und die Bildung neuer Blutgef\u00e4\u00dfe (Angiogenese), die f\u00fcr das Tumorwachstum notwendig sind. Es verf\u00fcgt zudem \u00fcber eine ausgepr\u00e4gte immunstimulierende Wirkung.<\/span><\/p>\n\n\n\n<p>Seit Dr. Folkman die Hypothese aufgestellt hat, dass die Kontrolle der Angiogenese eine praktikable Anti-Tumor-Strategie sein k\u00f6nnte, hat die klinische Onkologie ein st\u00e4ndig wachsendes Interesse an Angiogenese-Inhibitoren als Anti-Tumor-Wirkstoffe gezeigt. Aufgrund der anekdotischen Evidenz-Berichte von Forschern der AIDAN Corporation, USA, \u00fcber den klinischen Nutzen der Ackerwinde (Convolvulus arvensis), haben wir begonnen, verschiedene Extrakte dieser Pflanze auf ihre Anti-Angiogenese und immunstimulierende Wirkung zu untersuchen.<\/p>\n\n\n\n<p>Von 2001 bis 2012 haben wir das Extraktionsverfahren weiter verbessert und den Convolvulus arvensis Extrakt mit Ausz\u00fcgen aus Corydalis Rhizom (Corydalis yanhusuo), Lycoris radiata und Patrinia heterophylla kombiniert, was zu einer noch besseren Wirksamkeit f\u00fchrte. Die ersten Arbeiten des AIDAN-Forschungsteams sind im <a href=\"https:\/\/www.pfeifer-protocol.com\/de\/aeskulap-ca-statin-acas-2\/\" target=\"_blank\" rel=\"noreferrer noopener\">folgenden Artikel zusammengefasst<\/a>. Er beschreibt die biologischen Eigenschaften des Convolvulus Arvensis-Extrakts, sowie sein klinisches Potenzial und m\u00f6gliche Nebenwirkungen.<\/p>\n\n\n\n<\/div><h2 class=\"tabtitle\">Aeskulap-MCP<\/h2>\n<div class=\"tabcontent\">\n\n\n\n\n<div class=\"wp-block-image\"><figure class=\"alignright size-medium\"><a href=\"https:\/\/aeskulap-international.com\/wp-content\/uploads\/2021\/07\/MCP.jpg\" data-lbwps-width=\"1200\" data-lbwps-height=\"800\" data-lbwps-srcsmall=\"https:\/\/aeskulap-international.com\/wp-content\/uploads\/2021\/07\/MCP-300x200.jpg\"><img loading=\"lazy\" decoding=\"async\" width=\"300\" height=\"200\" src=\"https:\/\/aeskulap-international.com\/wp-content\/uploads\/2021\/07\/MCP-300x200.jpg\" alt=\"\" class=\"wp-image-475\" srcset=\"https:\/\/aeskulap-international.com\/wp-content\/uploads\/2021\/07\/MCP-300x200.jpg 300w, https:\/\/aeskulap-international.com\/wp-content\/uploads\/2021\/07\/MCP-1024x683.jpg 1024w, https:\/\/aeskulap-international.com\/wp-content\/uploads\/2021\/07\/MCP-768x512.jpg 768w, https:\/\/aeskulap-international.com\/wp-content\/uploads\/2021\/07\/MCP.jpg 1200w\" sizes=\"auto, (max-width: 300px) 100vw, 300px\" \/><\/a><\/figure><\/div>\n\n\n\n<p><b>Aeskulap-Modified-Citrus-Pectin (AMCP)&nbsp;<\/b><span style=\"font-weight: 400;\">enth\u00e4lt fraktioniertes, hitze- und pH-modifiziertes Pektin, ein komplexes Polysaccharid, das aus der Schale und dem Fruchtfleisch von Zitrusfr\u00fcchten gewonnen wird. AMCP ist reich an Galactosid-Resten, insbesondere \u03b2-Galactose, von denen bekannt ist, dass sie eine starke Affinit\u00e4t zu bestimmten Arten von Krebszellen aufweisen.<\/span><\/p>\n\n\n\n<p><span style=\"font-weight: 400;\">Die Galactose-haltigen Kohlenhydratseitenketten von AMCP k\u00f6nnen nat\u00fcrliche Liganden des sogenannten Tumor-Galactosid-bindenden Proteins Galectin-3, das in Krebszellen auftritt, nachahmen oder mit diesen konkurrieren und so die f\u00fcr die Metastasierung relevanten Zellinteraktionen beeinflusst.<\/span><\/p>\n\n\n\n<p><span style=\"font-weight: 400;\">Zudem hat AMCP eine immunstimulierende Wirkung beim Menschen und erh\u00f6ht die Aktivit\u00e4t von zytotoxischen T-Zellen, B-Zellen und NK-Zellen.<\/span><strong><a href=\"https:\/\/aeskulap-international.com\/wp-content\/uploads\/2021\/07\/MCP.jpg\" data-lbwps-width=\"1200\" data-lbwps-height=\"800\" data-lbwps-srcsmall=\"https:\/\/aeskulap-international.com\/wp-content\/uploads\/2021\/07\/MCP-300x200.jpg\"><\/a><\/strong><\/p>\n\n\n\n<p><span style=\"font-weight: 400;\">Bei der Suche nach nat\u00fcrlich vorkommenden Substanzen zur Unterst\u00fctzung der Behandlung von Krebs und Metastasen hat sich modifiziertes Citruspektin (MCP) als vielversprechende antimetastatische Therapie-Option gezeigt. MCP hat sich in vitro und in vivo als sehr effektiv gegen verschiedene Krebsentit\u00e4ten, wie zum Beispiel Prostata- und Mammakarzinome, Melanome, Kolonkarzinome, multiple Myelome und H\u00e4mangiosarkome erwiesen.<\/span><\/p>\n\n\n\n<\/div><h2 class=\"tabtitle\">Aeskulap-Sitosterol-Mix<\/h2>\n<div class=\"tabcontent\">\n\n\n\n\n<div class=\"wp-block-image\"><figure class=\"alignright size-medium\"><a href=\"https:\/\/aeskulap-international.com\/wp-content\/uploads\/2021\/07\/SITOSTEROL-MIX.jpg\" data-lbwps-width=\"1200\" data-lbwps-height=\"800\" data-lbwps-srcsmall=\"https:\/\/aeskulap-international.com\/wp-content\/uploads\/2021\/07\/SITOSTEROL-MIX-300x200.jpg\"><img loading=\"lazy\" decoding=\"async\" width=\"300\" height=\"200\" src=\"https:\/\/aeskulap-international.com\/wp-content\/uploads\/2021\/07\/SITOSTEROL-MIX-300x200.jpg\" alt=\"\" class=\"wp-image-477\" srcset=\"https:\/\/aeskulap-international.com\/wp-content\/uploads\/2021\/07\/SITOSTEROL-MIX-300x200.jpg 300w, https:\/\/aeskulap-international.com\/wp-content\/uploads\/2021\/07\/SITOSTEROL-MIX-1024x683.jpg 1024w, https:\/\/aeskulap-international.com\/wp-content\/uploads\/2021\/07\/SITOSTEROL-MIX-768x512.jpg 768w, https:\/\/aeskulap-international.com\/wp-content\/uploads\/2021\/07\/SITOSTEROL-MIX.jpg 1200w\" sizes=\"auto, (max-width: 300px) 100vw, 300px\" \/><\/a><\/figure><\/div>\n\n\n\n<p><b>Aeskulap-Sitosterol-Mix<\/b><span style=\"font-weight: 400;\"> hergestellt von der Vertragsapotheke der Aeskulap-International AG in der Schweiz. Dieses Phytotherapeutikum wird jedem Patienten individuell verschrieben und als sogenannte \u201eMagistral-Rezeptur\u201c zur Behandlung von Prostatakrebs hergestellt.<\/span><\/p>\n\n\n\n<p><span style=\"font-weight: 400;\">Unsere \u00c4rzte und Wissenschaftler haben dieses Produkt im Labor und auch klinisch getestet. Die Ergebnisse dieser unabh\u00e4ngigen Tests k\u00f6nnen wir Ihnen auf Anfrage gern zustellen. Hier nur kurz die wesentlichsten Pr\u00fcfergebnisse:<\/span><\/p>\n\n\n\n<ul class=\"wp-block-list\"><li style=\"font-weight: 400;\" aria-level=\"1\"><span style=\"font-weight: 400;\">Aeskulap-Sitosterol-Mix enth\u00e4lt nur die vom Arzt verordneten Komponenten.<\/span><\/li><li style=\"font-weight: 400;\" aria-level=\"1\"><span style=\"font-weight: 400;\">Aeskulap-Sitosterol-Mix kann parallel zu konventionellen Behandlungen von Prostatakrebs eingesetzt werden, zum Beispiel im perioperativen Setting mit radikaler Prostatektomie oder vor, w\u00e4hrend und nach Bestrahlung und Chemotherapie.<\/span><\/li><li style=\"font-weight: 400;\" aria-level=\"1\"><span style=\"font-weight: 400;\">Aeskulap-Sitosterol-Mix ist fester Bestandteil unseres Programms zur Behandlung von Prostatakrebs, auch im sogenannten kastrationsresistenten Stadium.<\/span><\/li><li style=\"font-weight: 400;\" aria-level=\"1\"><span style=\"font-weight: 400;\">Aeskulap-Sitosterol-Mix wird in Kombination mit ProstaSol, Curcumin combi extra forte, IMUPROS und BIOBRAN von \u00c4rzten unseres Netzwerks zur Behandlung von Prostatakrebs aller Stadien, insbesondere auch metastasierter und kastrationsresistenter Varianten der Erkrankung, eingesetzt.<\/span><\/li><li style=\"font-weight: 400;\" aria-level=\"1\"><span style=\"font-weight: 400;\">Aeskulap-Sitosterol-Mix wird bei Einhaltung der vorgeschriebenen Verzehrempfehlung in der Regel gut vertragen. Dennoch k\u00f6nnen etwa 25-30% der behandelten Patientinnen w\u00e4hrend der Behandlung Brustwarzenschmerzen und eine leichte Brustvergr\u00f6\u00dferung bemerken. Es wurde auch \u00fcber eine Beeintr\u00e4chtigung der Libido und der erektilen Funktionen, sowie \u00fcber eine gewisse Stuhlerweichung berichtet. Alle Nebenwirkungen sind nach Dosisreduktion und Absetzen der Behandlung reversibel.<\/span><\/li><\/ul>\n\n\n\n<p><span style=\"font-weight: 400;\">Obwohl es f\u00fcr dieses Produkt und seine Anwendung bei der Behandlung von Patienten mit Prostatakrebs keine sogenannten placebokontrollierten, Doppelblind-Studien gibt, liegen fundierte pr\u00e4klinische Studien, sowie zwei retrospektive klinische Studien zur Wirksamkeitsbewertung von Aeskulap-Sitosterol-Mix bei Prostatakrebs vor.<\/span><\/p>\n\n\n<\/div><\/div>\n","protected":false},"excerpt":{"rendered":"<p>Bei der Herstellung der Arznei- und Nahrungserg\u00e4nzungsmittel von Aeskulap International gelten dieselben strengen Qualit\u00e4tsstandards, die seitens all unserer Auftragsfertiger gefordert werden. Unsere Produkte werden nach den sogenannten Hazard Analysis &amp; Critical Control Point (HACCP)-Richtlinien, sowie gem\u00e4\u00df der Richtlinien der Good Manufacturing Practice (GMP) hergestellt. Alle Produkte entsprechen au\u00dferdem den Qualit\u00e4tsanspr\u00fcchen der Europ\u00e4ischen Pharmakop\u00f6e (Ph. Eur.). &#8230; <a title=\"Unsere Produkte\" class=\"read-more\" href=\"https:\/\/aeskulap-international.com\/de\/komplementare-medizin\/nahrungsergaenzungsmittel\/\" aria-label=\"Mehr Informationen \u00fcber Unsere Produkte\">Weiterlesen &#8230;<\/a><\/p>\n","protected":false},"author":1,"featured_media":654,"parent":34,"menu_order":0,"comment_status":"closed","ping_status":"closed","template":"","meta":{"footnotes":""},"class_list":["post-150","page","type-page","status-publish","has-post-thumbnail"],"yoast_head":"<!-- This site is optimized with the Yoast SEO Premium plugin v27.4 (Yoast SEO v27.4) - https:\/\/yoast.com\/product\/yoast-seo-premium-wordpress\/ -->\n<title>Aeskulap International - Arzneimittel &amp; Nahrungserg\u00e4nzungsmittel<\/title>\n<meta name=\"description\" content=\"Entdecken Sie das Produktportfolio von Aeskulap-International, welches aus Arzneimitteln und Nahrungserg\u00e4nzungsmitteln besteht, die entwickelt wurden, um die Lebensqualit\u00e4t und Behandlungsergebnisse von Krebspatienten zu verbessern\" \/>\n<meta name=\"robots\" content=\"index, follow, max-snippet:-1, max-image-preview:large, max-video-preview:-1\" \/>\n<link rel=\"canonical\" href=\"https:\/\/aeskulap-international.com\/de\/komplementare-medizin\/nahrungsergaenzungsmittel\/\" \/>\n<meta property=\"og:locale\" content=\"de_DE\" \/>\n<meta property=\"og:type\" content=\"article\" \/>\n<meta property=\"og:title\" content=\"Unsere Produkte\" \/>\n<meta property=\"og:description\" content=\"Entdecken Sie das Produktportfolio von Aeskulap-International, welches aus Arzneimitteln und Nahrungserg\u00e4nzungsmitteln besteht, die entwickelt wurden, um die Lebensqualit\u00e4t und Behandlungsergebnisse von Krebspatienten zu verbessern\" \/>\n<meta property=\"og:url\" content=\"https:\/\/aeskulap-international.com\/de\/komplementare-medizin\/nahrungsergaenzungsmittel\/\" \/>\n<meta property=\"og:site_name\" content=\"Aeskulap International AG\" \/>\n<meta property=\"article:modified_time\" content=\"2021-09-20T09:48:05+00:00\" \/>\n<meta property=\"og:image\" content=\"https:\/\/aeskulap-international.com\/wp-content\/uploads\/2021\/07\/Our-Own-Product-Range.jpg\" \/>\n\t<meta property=\"og:image:width\" content=\"1340\" \/>\n\t<meta property=\"og:image:height\" content=\"400\" \/>\n\t<meta property=\"og:image:type\" content=\"image\/jpeg\" \/>\n<meta name=\"twitter:label1\" content=\"Gesch\u00e4tzte Lesezeit\" \/>\n\t<meta name=\"twitter:data1\" content=\"4\u00a0Minuten\" \/>\n<script type=\"application\/ld+json\" class=\"yoast-schema-graph\">{\"@context\":\"https:\\\/\\\/schema.org\",\"@graph\":[{\"@type\":\"WebPage\",\"@id\":\"https:\\\/\\\/aeskulap-international.com\\\/de\\\/komplementare-medizin\\\/nahrungsergaenzungsmittel\\\/\",\"url\":\"https:\\\/\\\/aeskulap-international.com\\\/de\\\/komplementare-medizin\\\/nahrungsergaenzungsmittel\\\/\",\"name\":\"Aeskulap International - Arzneimittel & Nahrungserg\u00e4nzungsmittel\",\"isPartOf\":{\"@id\":\"https:\\\/\\\/aeskulap-international.com\\\/de\\\/#website\"},\"primaryImageOfPage\":{\"@id\":\"https:\\\/\\\/aeskulap-international.com\\\/de\\\/komplementare-medizin\\\/nahrungsergaenzungsmittel\\\/#primaryimage\"},\"image\":{\"@id\":\"https:\\\/\\\/aeskulap-international.com\\\/de\\\/komplementare-medizin\\\/nahrungsergaenzungsmittel\\\/#primaryimage\"},\"thumbnailUrl\":\"https:\\\/\\\/aeskulap-international.com\\\/wp-content\\\/uploads\\\/2021\\\/07\\\/Our-Own-Product-Range.jpg\",\"datePublished\":\"2014-03-27T18:49:30+00:00\",\"dateModified\":\"2021-09-20T09:48:05+00:00\",\"description\":\"Entdecken Sie das Produktportfolio von Aeskulap-International, welches aus Arzneimitteln und Nahrungserg\u00e4nzungsmitteln besteht, die entwickelt wurden, um die Lebensqualit\u00e4t und Behandlungsergebnisse von Krebspatienten zu verbessern\",\"breadcrumb\":{\"@id\":\"https:\\\/\\\/aeskulap-international.com\\\/de\\\/komplementare-medizin\\\/nahrungsergaenzungsmittel\\\/#breadcrumb\"},\"inLanguage\":\"de\",\"potentialAction\":[{\"@type\":\"ReadAction\",\"target\":[\"https:\\\/\\\/aeskulap-international.com\\\/de\\\/komplementare-medizin\\\/nahrungsergaenzungsmittel\\\/\"]}]},{\"@type\":\"ImageObject\",\"inLanguage\":\"de\",\"@id\":\"https:\\\/\\\/aeskulap-international.com\\\/de\\\/komplementare-medizin\\\/nahrungsergaenzungsmittel\\\/#primaryimage\",\"url\":\"https:\\\/\\\/aeskulap-international.com\\\/wp-content\\\/uploads\\\/2021\\\/07\\\/Our-Own-Product-Range.jpg\",\"contentUrl\":\"https:\\\/\\\/aeskulap-international.com\\\/wp-content\\\/uploads\\\/2021\\\/07\\\/Our-Own-Product-Range.jpg\",\"width\":1340,\"height\":400,\"caption\":\"Our Own Product Range\"},{\"@type\":\"BreadcrumbList\",\"@id\":\"https:\\\/\\\/aeskulap-international.com\\\/de\\\/komplementare-medizin\\\/nahrungsergaenzungsmittel\\\/#breadcrumb\",\"itemListElement\":[{\"@type\":\"ListItem\",\"position\":1,\"name\":\"Home\",\"item\":\"https:\\\/\\\/aeskulap-international.com\\\/de\\\/\"},{\"@type\":\"ListItem\",\"position\":2,\"name\":\"Arzneimittel &#038; Nahrungserg\u00e4nzungsmittel\",\"item\":\"https:\\\/\\\/aeskulap-international.com\\\/de\\\/komplementare-medizin\\\/\"},{\"@type\":\"ListItem\",\"position\":3,\"name\":\"Unsere Produkte\"}]},{\"@type\":\"WebSite\",\"@id\":\"https:\\\/\\\/aeskulap-international.com\\\/de\\\/#website\",\"url\":\"https:\\\/\\\/aeskulap-international.com\\\/de\\\/\",\"name\":\"Aeskulap International AG\",\"description\":\"A Straight Line to High-Tech Medicine in Switzerland\",\"publisher\":{\"@id\":\"https:\\\/\\\/aeskulap-international.com\\\/de\\\/#organization\"},\"potentialAction\":[{\"@type\":\"SearchAction\",\"target\":{\"@type\":\"EntryPoint\",\"urlTemplate\":\"https:\\\/\\\/aeskulap-international.com\\\/de\\\/?s={search_term_string}\"},\"query-input\":{\"@type\":\"PropertyValueSpecification\",\"valueRequired\":true,\"valueName\":\"search_term_string\"}}],\"inLanguage\":\"de\"},{\"@type\":\"Organization\",\"@id\":\"https:\\\/\\\/aeskulap-international.com\\\/de\\\/#organization\",\"name\":\"Aeskulap International AG\",\"url\":\"https:\\\/\\\/aeskulap-international.com\\\/de\\\/\",\"logo\":{\"@type\":\"ImageObject\",\"inLanguage\":\"de\",\"@id\":\"https:\\\/\\\/aeskulap-international.com\\\/de\\\/#\\\/schema\\\/logo\\\/image\\\/\",\"url\":\"https:\\\/\\\/aeskulap-international.com\\\/wp-content\\\/uploads\\\/2014\\\/09\\\/logoline.png\",\"contentUrl\":\"https:\\\/\\\/aeskulap-international.com\\\/wp-content\\\/uploads\\\/2014\\\/09\\\/logoline.png\",\"width\":424,\"height\":120,\"caption\":\"Aeskulap International AG\"},\"image\":{\"@id\":\"https:\\\/\\\/aeskulap-international.com\\\/de\\\/#\\\/schema\\\/logo\\\/image\\\/\"}}]}<\/script>\n<!-- \/ Yoast SEO Premium plugin. -->","yoast_head_json":{"title":"Aeskulap International - Arzneimittel & Nahrungserg\u00e4nzungsmittel","description":"Entdecken Sie das Produktportfolio von Aeskulap-International, welches aus Arzneimitteln und Nahrungserg\u00e4nzungsmitteln besteht, die entwickelt wurden, um die Lebensqualit\u00e4t und Behandlungsergebnisse von Krebspatienten zu verbessern","robots":{"index":"index","follow":"follow","max-snippet":"max-snippet:-1","max-image-preview":"max-image-preview:large","max-video-preview":"max-video-preview:-1"},"canonical":"https:\/\/aeskulap-international.com\/de\/komplementare-medizin\/nahrungsergaenzungsmittel\/","og_locale":"de_DE","og_type":"article","og_title":"Unsere Produkte","og_description":"Entdecken Sie das Produktportfolio von Aeskulap-International, welches aus Arzneimitteln und Nahrungserg\u00e4nzungsmitteln besteht, die entwickelt wurden, um die Lebensqualit\u00e4t und Behandlungsergebnisse von Krebspatienten zu verbessern","og_url":"https:\/\/aeskulap-international.com\/de\/komplementare-medizin\/nahrungsergaenzungsmittel\/","og_site_name":"Aeskulap International AG","article_modified_time":"2021-09-20T09:48:05+00:00","og_image":[{"width":1340,"height":400,"url":"https:\/\/aeskulap-international.com\/wp-content\/uploads\/2021\/07\/Our-Own-Product-Range.jpg","type":"image\/jpeg"}],"twitter_misc":{"Gesch\u00e4tzte Lesezeit":"4\u00a0Minuten"},"schema":{"@context":"https:\/\/schema.org","@graph":[{"@type":"WebPage","@id":"https:\/\/aeskulap-international.com\/de\/komplementare-medizin\/nahrungsergaenzungsmittel\/","url":"https:\/\/aeskulap-international.com\/de\/komplementare-medizin\/nahrungsergaenzungsmittel\/","name":"Aeskulap International - Arzneimittel & Nahrungserg\u00e4nzungsmittel","isPartOf":{"@id":"https:\/\/aeskulap-international.com\/de\/#website"},"primaryImageOfPage":{"@id":"https:\/\/aeskulap-international.com\/de\/komplementare-medizin\/nahrungsergaenzungsmittel\/#primaryimage"},"image":{"@id":"https:\/\/aeskulap-international.com\/de\/komplementare-medizin\/nahrungsergaenzungsmittel\/#primaryimage"},"thumbnailUrl":"https:\/\/aeskulap-international.com\/wp-content\/uploads\/2021\/07\/Our-Own-Product-Range.jpg","datePublished":"2014-03-27T18:49:30+00:00","dateModified":"2021-09-20T09:48:05+00:00","description":"Entdecken Sie das Produktportfolio von Aeskulap-International, welches aus Arzneimitteln und Nahrungserg\u00e4nzungsmitteln besteht, die entwickelt wurden, um die Lebensqualit\u00e4t und Behandlungsergebnisse von Krebspatienten zu verbessern","breadcrumb":{"@id":"https:\/\/aeskulap-international.com\/de\/komplementare-medizin\/nahrungsergaenzungsmittel\/#breadcrumb"},"inLanguage":"de","potentialAction":[{"@type":"ReadAction","target":["https:\/\/aeskulap-international.com\/de\/komplementare-medizin\/nahrungsergaenzungsmittel\/"]}]},{"@type":"ImageObject","inLanguage":"de","@id":"https:\/\/aeskulap-international.com\/de\/komplementare-medizin\/nahrungsergaenzungsmittel\/#primaryimage","url":"https:\/\/aeskulap-international.com\/wp-content\/uploads\/2021\/07\/Our-Own-Product-Range.jpg","contentUrl":"https:\/\/aeskulap-international.com\/wp-content\/uploads\/2021\/07\/Our-Own-Product-Range.jpg","width":1340,"height":400,"caption":"Our Own Product Range"},{"@type":"BreadcrumbList","@id":"https:\/\/aeskulap-international.com\/de\/komplementare-medizin\/nahrungsergaenzungsmittel\/#breadcrumb","itemListElement":[{"@type":"ListItem","position":1,"name":"Home","item":"https:\/\/aeskulap-international.com\/de\/"},{"@type":"ListItem","position":2,"name":"Arzneimittel &#038; Nahrungserg\u00e4nzungsmittel","item":"https:\/\/aeskulap-international.com\/de\/komplementare-medizin\/"},{"@type":"ListItem","position":3,"name":"Unsere Produkte"}]},{"@type":"WebSite","@id":"https:\/\/aeskulap-international.com\/de\/#website","url":"https:\/\/aeskulap-international.com\/de\/","name":"Aeskulap International AG","description":"A Straight Line to High-Tech Medicine in Switzerland","publisher":{"@id":"https:\/\/aeskulap-international.com\/de\/#organization"},"potentialAction":[{"@type":"SearchAction","target":{"@type":"EntryPoint","urlTemplate":"https:\/\/aeskulap-international.com\/de\/?s={search_term_string}"},"query-input":{"@type":"PropertyValueSpecification","valueRequired":true,"valueName":"search_term_string"}}],"inLanguage":"de"},{"@type":"Organization","@id":"https:\/\/aeskulap-international.com\/de\/#organization","name":"Aeskulap International AG","url":"https:\/\/aeskulap-international.com\/de\/","logo":{"@type":"ImageObject","inLanguage":"de","@id":"https:\/\/aeskulap-international.com\/de\/#\/schema\/logo\/image\/","url":"https:\/\/aeskulap-international.com\/wp-content\/uploads\/2014\/09\/logoline.png","contentUrl":"https:\/\/aeskulap-international.com\/wp-content\/uploads\/2014\/09\/logoline.png","width":424,"height":120,"caption":"Aeskulap International AG"},"image":{"@id":"https:\/\/aeskulap-international.com\/de\/#\/schema\/logo\/image\/"}}]}},"_links":{"self":[{"href":"https:\/\/aeskulap-international.com\/de\/wp-json\/wp\/v2\/pages\/150","targetHints":{"allow":["GET"]}}],"collection":[{"href":"https:\/\/aeskulap-international.com\/de\/wp-json\/wp\/v2\/pages"}],"about":[{"href":"https:\/\/aeskulap-international.com\/de\/wp-json\/wp\/v2\/types\/page"}],"author":[{"embeddable":true,"href":"https:\/\/aeskulap-international.com\/de\/wp-json\/wp\/v2\/users\/1"}],"replies":[{"embeddable":true,"href":"https:\/\/aeskulap-international.com\/de\/wp-json\/wp\/v2\/comments?post=150"}],"version-history":[{"count":3,"href":"https:\/\/aeskulap-international.com\/de\/wp-json\/wp\/v2\/pages\/150\/revisions"}],"predecessor-version":[{"id":704,"href":"https:\/\/aeskulap-international.com\/de\/wp-json\/wp\/v2\/pages\/150\/revisions\/704"}],"up":[{"embeddable":true,"href":"https:\/\/aeskulap-international.com\/de\/wp-json\/wp\/v2\/pages\/34"}],"wp:featuredmedia":[{"embeddable":true,"href":"https:\/\/aeskulap-international.com\/de\/wp-json\/wp\/v2\/media\/654"}],"wp:attachment":[{"href":"https:\/\/aeskulap-international.com\/de\/wp-json\/wp\/v2\/media?parent=150"}],"curies":[{"name":"wp","href":"https:\/\/api.w.org\/{rel}","templated":true}]}}