{"id":22,"date":"2014-03-27T18:08:27","date_gmt":"2014-03-27T17:08:27","guid":{"rendered":"http:\/\/aeskulap-international.com\/services-2\/"},"modified":"2022-12-13T12:46:53","modified_gmt":"2022-12-13T11:46:53","slug":"medizinische-beratung","status":"publish","type":"page","link":"https:\/\/aeskulap-international.com\/de\/medizinische-beratung\/","title":{"rendered":"Medizinische Beratung"},"content":{"rendered":"\n<p>Seit mehr als 15 Jahren bieten die Fach\u00e4rzte der Aeskulap-Klinik und Aeskulap-International, neuestens bekannt unter <a href=\"https:\/\/integrative-cancer-care.org\/de\" target=\"_blank\" rel=\"noreferrer noopener\">Integrative Cancer Care<\/a>, medizinische Beratung mit Fokus auf einen integrativen Behandlungsansatz bei metastasiertem Krebs, bei dem wir je nach individuellem Bedarf, die besten konventionellen Behandlungsmethoden komplement\u00e4r einsetzen. Erg\u00e4nzt werden diese mit Lebensstil-assoziierten Ma\u00dfnahmen, wie einer gesunden Ern\u00e4hrung, individuellen Bewegungsprogrammen, psychoonkologischen Behandlungen, Hyperthermie- und Fiebertherapien, Entgiftungsbehandlungen, Enzymtherapien, der Unterst\u00fctzung des Immunsystems und speziell entwickelten phytotherapeutischen Ma\u00dfnahmen, in der Hoffnung, die Chancen f\u00fcr die individuellen Behandlungserfolge unserer Patienten zu steigern.<\/p>\n\n\n\n<p>Krebs ist zu einem besorgniserregenden, globalen Problem geworden. Heute wird bei jedem zweiten Mann und jeder dritten Frau die Krankheit vor dem 65. Lebensjahr diagnostiziert. Die WHO sch\u00e4tzt, dass bis 2020 j\u00e4hrlich mehr als 15 Millionen Menschen an Krebs sterben. Diese Krankheit hat eindeutig epidemische Ausma\u00dfe angenommen.<\/p>\n\n\n\n<p>Obwohl die Standard-Behandlungsmethoden f\u00fcr verschiedene Krebsarten im Laufe der Jahre effektiver geworden sind, wirken sie h\u00e4ufig auch toxisch und haben in der Regel eine Vielzahl von kurz- und langfristigen Nebenwirkungen. Trotz allgemein verbesserter Therapien, sterben heute noch 50% aller Krebspatienten an der Krankheit. Hat sich der Krebs einmal vom urspr\u00fcnglichen Ort auf andere Stellen im K\u00f6rper ausgebreitet (Metastasen), sind die Behandlungsm\u00f6glichkeiten begrenzt und es wird allgemein akzeptiert, dass eine Heilung in diesem Stadium unm\u00f6glich ist. Dennoch haben wir gezeigt, dass mit dem richtigen integrativen Behandlungsansatz f\u00fcr den einzelnen Patienten auch bei weit verbreitetem, metastasiertem Krebs ein Langzeit\u00fcberleben erreicht werden kann.<\/p>\n\n\n\n<p>Die Wirksamkeit und Nebenwirkungen unserer Therapieprotokolle bei fortgeschrittenem metastasiertem Brust- und kastrationsresistentem Prostatakrebs wurden in mehreren klinischen Studien untersucht: Daten von 294 Brustkrebspatientinnen und 684 Prostatakrebspatienten wurden in zwei prospektiven und zwei retrospektiven klinischen Studien ausgewertet.<\/p>\n\n\n\n<p>Unsere Behandlungsprotokolle f\u00fcr metastasierten Brustkrebs und Prostatakrebs dienen der Krebskontrolle, die bei vielen Patienten zu einer verbesserten Lebensqualit\u00e4t und einem Langzeit\u00fcberleben f\u00fchrte. Dies rechtfertigt die weitere Erforschung unserer Protokolle und die Integration unserer Behandlungsmethoden in der Mainstream-Onkologie.<\/p>\n","protected":false},"excerpt":{"rendered":"<p>Seit mehr als 15 Jahren bieten die Fach\u00e4rzte der Aeskulap-Klinik und Aeskulap-International, neuestens bekannt unter Integrative Cancer Care, medizinische Beratung mit Fokus auf einen integrativen Behandlungsansatz bei metastasiertem Krebs, bei dem wir je nach individuellem Bedarf, die besten konventionellen Behandlungsmethoden komplement\u00e4r einsetzen. Erg\u00e4nzt werden diese mit Lebensstil-assoziierten Ma\u00dfnahmen, wie einer gesunden Ern\u00e4hrung, individuellen Bewegungsprogrammen, psychoonkologischen &#8230; <a title=\"Medizinische Beratung\" class=\"read-more\" href=\"https:\/\/aeskulap-international.com\/de\/medizinische-beratung\/\" aria-label=\"Mehr Informationen \u00fcber Medizinische Beratung\">Weiterlesen &#8230;<\/a><\/p>\n","protected":false},"author":1,"featured_media":627,"parent":0,"menu_order":2,"comment_status":"closed","ping_status":"closed","template":"","meta":{"footnotes":""},"class_list":["post-22","page","type-page","status-publish","has-post-thumbnail"],"yoast_head":"<!-- This site is optimized with the Yoast SEO Premium plugin v27.4 (Yoast SEO v27.4) - https:\/\/yoast.com\/product\/yoast-seo-premium-wordpress\/ -->\n<title>Medizinische Beratung - Aeskulap International AG<\/title>\n<meta name=\"description\" content=\"Entdecken Sie die Plattform f\u00fcr medizinische Beratung Integrative Cancer Care von Professor Pfeifer und seinem Tumor-Expertengremium.\" \/>\n<meta name=\"robots\" content=\"index, follow, max-snippet:-1, max-image-preview:large, max-video-preview:-1\" \/>\n<link rel=\"canonical\" href=\"https:\/\/aeskulap-international.com\/de\/medizinische-beratung\/\" \/>\n<meta property=\"og:locale\" content=\"de_DE\" \/>\n<meta property=\"og:type\" content=\"article\" \/>\n<meta property=\"og:title\" content=\"Medizinische Beratung\" \/>\n<meta property=\"og:description\" content=\"Entdecken Sie die Plattform f\u00fcr medizinische Beratung Integrative Cancer Care von Professor Pfeifer und seinem Tumor-Expertengremium.\" \/>\n<meta property=\"og:url\" content=\"https:\/\/aeskulap-international.com\/de\/medizinische-beratung\/\" \/>\n<meta property=\"og:site_name\" content=\"Aeskulap International AG\" \/>\n<meta property=\"article:modified_time\" content=\"2022-12-13T11:46:53+00:00\" \/>\n<meta property=\"og:image\" content=\"https:\/\/aeskulap-international.com\/wp-content\/uploads\/2021\/07\/Medical-Consultancy.jpg\" \/>\n\t<meta property=\"og:image:width\" content=\"1340\" \/>\n\t<meta property=\"og:image:height\" content=\"400\" \/>\n\t<meta property=\"og:image:type\" content=\"image\/jpeg\" \/>\n<meta name=\"twitter:label1\" content=\"Gesch\u00e4tzte Lesezeit\" \/>\n\t<meta name=\"twitter:data1\" content=\"2\u00a0Minuten\" \/>\n<script type=\"application\/ld+json\" class=\"yoast-schema-graph\">{\"@context\":\"https:\\\/\\\/schema.org\",\"@graph\":[{\"@type\":\"WebPage\",\"@id\":\"https:\\\/\\\/aeskulap-international.com\\\/de\\\/medizinische-beratung\\\/\",\"url\":\"https:\\\/\\\/aeskulap-international.com\\\/de\\\/medizinische-beratung\\\/\",\"name\":\"Medizinische Beratung - Aeskulap International AG\",\"isPartOf\":{\"@id\":\"https:\\\/\\\/aeskulap-international.com\\\/de\\\/#website\"},\"primaryImageOfPage\":{\"@id\":\"https:\\\/\\\/aeskulap-international.com\\\/de\\\/medizinische-beratung\\\/#primaryimage\"},\"image\":{\"@id\":\"https:\\\/\\\/aeskulap-international.com\\\/de\\\/medizinische-beratung\\\/#primaryimage\"},\"thumbnailUrl\":\"https:\\\/\\\/aeskulap-international.com\\\/wp-content\\\/uploads\\\/2021\\\/07\\\/Medical-Consultancy.jpg\",\"datePublished\":\"2014-03-27T17:08:27+00:00\",\"dateModified\":\"2022-12-13T11:46:53+00:00\",\"description\":\"Entdecken Sie die Plattform f\u00fcr medizinische Beratung Integrative Cancer Care von Professor Pfeifer und seinem Tumor-Expertengremium.\",\"breadcrumb\":{\"@id\":\"https:\\\/\\\/aeskulap-international.com\\\/de\\\/medizinische-beratung\\\/#breadcrumb\"},\"inLanguage\":\"de\",\"potentialAction\":[{\"@type\":\"ReadAction\",\"target\":[\"https:\\\/\\\/aeskulap-international.com\\\/de\\\/medizinische-beratung\\\/\"]}]},{\"@type\":\"ImageObject\",\"inLanguage\":\"de\",\"@id\":\"https:\\\/\\\/aeskulap-international.com\\\/de\\\/medizinische-beratung\\\/#primaryimage\",\"url\":\"https:\\\/\\\/aeskulap-international.com\\\/wp-content\\\/uploads\\\/2021\\\/07\\\/Medical-Consultancy.jpg\",\"contentUrl\":\"https:\\\/\\\/aeskulap-international.com\\\/wp-content\\\/uploads\\\/2021\\\/07\\\/Medical-Consultancy.jpg\",\"width\":1340,\"height\":400,\"caption\":\"Medical-Consultancy\"},{\"@type\":\"BreadcrumbList\",\"@id\":\"https:\\\/\\\/aeskulap-international.com\\\/de\\\/medizinische-beratung\\\/#breadcrumb\",\"itemListElement\":[{\"@type\":\"ListItem\",\"position\":1,\"name\":\"Home\",\"item\":\"https:\\\/\\\/aeskulap-international.com\\\/de\\\/\"},{\"@type\":\"ListItem\",\"position\":2,\"name\":\"Medizinische Beratung\"}]},{\"@type\":\"WebSite\",\"@id\":\"https:\\\/\\\/aeskulap-international.com\\\/de\\\/#website\",\"url\":\"https:\\\/\\\/aeskulap-international.com\\\/de\\\/\",\"name\":\"Aeskulap International AG\",\"description\":\"A Straight Line to High-Tech Medicine in Switzerland\",\"publisher\":{\"@id\":\"https:\\\/\\\/aeskulap-international.com\\\/de\\\/#organization\"},\"potentialAction\":[{\"@type\":\"SearchAction\",\"target\":{\"@type\":\"EntryPoint\",\"urlTemplate\":\"https:\\\/\\\/aeskulap-international.com\\\/de\\\/?s={search_term_string}\"},\"query-input\":{\"@type\":\"PropertyValueSpecification\",\"valueRequired\":true,\"valueName\":\"search_term_string\"}}],\"inLanguage\":\"de\"},{\"@type\":\"Organization\",\"@id\":\"https:\\\/\\\/aeskulap-international.com\\\/de\\\/#organization\",\"name\":\"Aeskulap International AG\",\"url\":\"https:\\\/\\\/aeskulap-international.com\\\/de\\\/\",\"logo\":{\"@type\":\"ImageObject\",\"inLanguage\":\"de\",\"@id\":\"https:\\\/\\\/aeskulap-international.com\\\/de\\\/#\\\/schema\\\/logo\\\/image\\\/\",\"url\":\"https:\\\/\\\/aeskulap-international.com\\\/wp-content\\\/uploads\\\/2014\\\/09\\\/logoline.png\",\"contentUrl\":\"https:\\\/\\\/aeskulap-international.com\\\/wp-content\\\/uploads\\\/2014\\\/09\\\/logoline.png\",\"width\":424,\"height\":120,\"caption\":\"Aeskulap International AG\"},\"image\":{\"@id\":\"https:\\\/\\\/aeskulap-international.com\\\/de\\\/#\\\/schema\\\/logo\\\/image\\\/\"}}]}<\/script>\n<!-- \/ Yoast SEO Premium plugin. -->","yoast_head_json":{"title":"Medizinische Beratung - Aeskulap International AG","description":"Entdecken Sie die Plattform f\u00fcr medizinische Beratung Integrative Cancer Care von Professor Pfeifer und seinem Tumor-Expertengremium.","robots":{"index":"index","follow":"follow","max-snippet":"max-snippet:-1","max-image-preview":"max-image-preview:large","max-video-preview":"max-video-preview:-1"},"canonical":"https:\/\/aeskulap-international.com\/de\/medizinische-beratung\/","og_locale":"de_DE","og_type":"article","og_title":"Medizinische Beratung","og_description":"Entdecken Sie die Plattform f\u00fcr medizinische Beratung Integrative Cancer Care von Professor Pfeifer und seinem Tumor-Expertengremium.","og_url":"https:\/\/aeskulap-international.com\/de\/medizinische-beratung\/","og_site_name":"Aeskulap International AG","article_modified_time":"2022-12-13T11:46:53+00:00","og_image":[{"width":1340,"height":400,"url":"https:\/\/aeskulap-international.com\/wp-content\/uploads\/2021\/07\/Medical-Consultancy.jpg","type":"image\/jpeg"}],"twitter_misc":{"Gesch\u00e4tzte Lesezeit":"2\u00a0Minuten"},"schema":{"@context":"https:\/\/schema.org","@graph":[{"@type":"WebPage","@id":"https:\/\/aeskulap-international.com\/de\/medizinische-beratung\/","url":"https:\/\/aeskulap-international.com\/de\/medizinische-beratung\/","name":"Medizinische Beratung - Aeskulap International AG","isPartOf":{"@id":"https:\/\/aeskulap-international.com\/de\/#website"},"primaryImageOfPage":{"@id":"https:\/\/aeskulap-international.com\/de\/medizinische-beratung\/#primaryimage"},"image":{"@id":"https:\/\/aeskulap-international.com\/de\/medizinische-beratung\/#primaryimage"},"thumbnailUrl":"https:\/\/aeskulap-international.com\/wp-content\/uploads\/2021\/07\/Medical-Consultancy.jpg","datePublished":"2014-03-27T17:08:27+00:00","dateModified":"2022-12-13T11:46:53+00:00","description":"Entdecken Sie die Plattform f\u00fcr medizinische Beratung Integrative Cancer Care von Professor Pfeifer und seinem Tumor-Expertengremium.","breadcrumb":{"@id":"https:\/\/aeskulap-international.com\/de\/medizinische-beratung\/#breadcrumb"},"inLanguage":"de","potentialAction":[{"@type":"ReadAction","target":["https:\/\/aeskulap-international.com\/de\/medizinische-beratung\/"]}]},{"@type":"ImageObject","inLanguage":"de","@id":"https:\/\/aeskulap-international.com\/de\/medizinische-beratung\/#primaryimage","url":"https:\/\/aeskulap-international.com\/wp-content\/uploads\/2021\/07\/Medical-Consultancy.jpg","contentUrl":"https:\/\/aeskulap-international.com\/wp-content\/uploads\/2021\/07\/Medical-Consultancy.jpg","width":1340,"height":400,"caption":"Medical-Consultancy"},{"@type":"BreadcrumbList","@id":"https:\/\/aeskulap-international.com\/de\/medizinische-beratung\/#breadcrumb","itemListElement":[{"@type":"ListItem","position":1,"name":"Home","item":"https:\/\/aeskulap-international.com\/de\/"},{"@type":"ListItem","position":2,"name":"Medizinische Beratung"}]},{"@type":"WebSite","@id":"https:\/\/aeskulap-international.com\/de\/#website","url":"https:\/\/aeskulap-international.com\/de\/","name":"Aeskulap International AG","description":"A Straight Line to High-Tech Medicine in Switzerland","publisher":{"@id":"https:\/\/aeskulap-international.com\/de\/#organization"},"potentialAction":[{"@type":"SearchAction","target":{"@type":"EntryPoint","urlTemplate":"https:\/\/aeskulap-international.com\/de\/?s={search_term_string}"},"query-input":{"@type":"PropertyValueSpecification","valueRequired":true,"valueName":"search_term_string"}}],"inLanguage":"de"},{"@type":"Organization","@id":"https:\/\/aeskulap-international.com\/de\/#organization","name":"Aeskulap International AG","url":"https:\/\/aeskulap-international.com\/de\/","logo":{"@type":"ImageObject","inLanguage":"de","@id":"https:\/\/aeskulap-international.com\/de\/#\/schema\/logo\/image\/","url":"https:\/\/aeskulap-international.com\/wp-content\/uploads\/2014\/09\/logoline.png","contentUrl":"https:\/\/aeskulap-international.com\/wp-content\/uploads\/2014\/09\/logoline.png","width":424,"height":120,"caption":"Aeskulap International AG"},"image":{"@id":"https:\/\/aeskulap-international.com\/de\/#\/schema\/logo\/image\/"}}]}},"_links":{"self":[{"href":"https:\/\/aeskulap-international.com\/de\/wp-json\/wp\/v2\/pages\/22","targetHints":{"allow":["GET"]}}],"collection":[{"href":"https:\/\/aeskulap-international.com\/de\/wp-json\/wp\/v2\/pages"}],"about":[{"href":"https:\/\/aeskulap-international.com\/de\/wp-json\/wp\/v2\/types\/page"}],"author":[{"embeddable":true,"href":"https:\/\/aeskulap-international.com\/de\/wp-json\/wp\/v2\/users\/1"}],"replies":[{"embeddable":true,"href":"https:\/\/aeskulap-international.com\/de\/wp-json\/wp\/v2\/comments?post=22"}],"version-history":[{"count":3,"href":"https:\/\/aeskulap-international.com\/de\/wp-json\/wp\/v2\/pages\/22\/revisions"}],"predecessor-version":[{"id":730,"href":"https:\/\/aeskulap-international.com\/de\/wp-json\/wp\/v2\/pages\/22\/revisions\/730"}],"wp:featuredmedia":[{"embeddable":true,"href":"https:\/\/aeskulap-international.com\/de\/wp-json\/wp\/v2\/media\/627"}],"wp:attachment":[{"href":"https:\/\/aeskulap-international.com\/de\/wp-json\/wp\/v2\/media?parent=22"}],"curies":[{"name":"wp","href":"https:\/\/api.w.org\/{rel}","templated":true}]}}