{"id":34,"date":"2014-03-27T18:15:57","date_gmt":"2014-03-27T17:15:57","guid":{"rendered":"http:\/\/aeskulap-international.com\/product-development-2\/"},"modified":"2024-10-16T07:57:22","modified_gmt":"2024-10-16T06:57:22","slug":"komplementare-medizin","status":"publish","type":"page","link":"https:\/\/aeskulap-international.com\/de\/komplementare-medizin\/","title":{"rendered":"Arzneimittel &#038; Nahrungserg\u00e4nzungsmittel"},"content":{"rendered":"\n<p>Integrative Cancer Care arbeitet mit dem <a href=\"https:\/\/www.pfeifer-protocol.com\/de\/\" target=\"_blank\" rel=\"noreferrer noopener\">Pfeifer-Protokoll<\/a>, das eine Zusammenfassung ausgew\u00e4hlter Behandlungsma\u00dfnahmen aus der Komplement\u00e4rmedizin&nbsp;enth\u00e4lt, die von Professor Ben Pfeifer, M.D., Ph.D. und seinem Team bekannter, international anerkannter Kliniker und Forscher entwickelt und erfolgreich angewendet wurden.<\/p>\n\n\n\n<p>Dieses Protokoll soll Krebspatienten und ihren \u00c4rzten dabei helfen, bestm\u00f6gliche Behandlungsergebnisse zu erzielen, Leiden zu lindern und die Lebensqualit\u00e4t sowie die Lebenserwartung zu verbessern, indem modernste konventionelle Behandlungsmethoden mit effektiven komplement\u00e4r-onkologischen Ma\u00dfnahmen kombiniert werden.<\/p>\n\n\n\n<p>Im Rahmen erg\u00e4nzender Ma\u00dfnahmen enth\u00e4lt das Pfeifer-Protokoll eine Auswahl an Produkten und Nahrungserg\u00e4nzungsmitteln von Aeskulap-International und <a href=\"https:\/\/med-pro.org\/de\/\" target=\"_blank\" rel=\"noreferrer noopener\">medpro, naturally healthy<\/a>.<\/p>\n\n\n\n<div style=\"height:20px\" aria-hidden=\"true\" class=\"wp-block-spacer\"><\/div>\n\n\n\n<div class=\"wp-block-buttons is-horizontal is-content-justification-center is-layout-flex wp-container-core-buttons-is-layout-499968f5 wp-block-buttons-is-layout-flex\">\n<div class=\"wp-block-button\"><a class=\"wp-block-button__link wp-element-button\" href=\"https:\/\/www.pfeifer-protocol.com\/de\/\" style=\"border-radius:2px\" target=\"_blank\" rel=\"noreferrer noopener\">Mehr zum Pfeifer-Protokoll<\/a><\/div>\n<\/div>\n\n\n\n<p><\/p>\n\n\n\n<div class=\"wp-block-group\"><div class=\"wp-block-group__inner-container is-layout-constrained wp-block-group-is-layout-constrained\"><div class=\"gb-container gb-container-78ec8cfd\">\n<div class=\"gb-grid-wrapper gb-grid-wrapper-03f5b279\">\n<div class=\"gb-grid-column gb-grid-column-7097fd9a\"><div class=\"gb-container gb-container-7097fd9a\">\n\n<h4 class=\"gb-headline gb-headline-c5ed2748\"><span class=\"gb-icon\"><svg aria-hidden=\"true\" role=\"img\" height=\"1em\" width=\"1em\" viewBox=\"0 0 512 512\" xmlns=\"http:\/\/www.w3.org\/2000\/svg\"><path fill=\"currentColor\" d=\"M173.898 439.404l-166.4-166.4c-9.997-9.997-9.997-26.206 0-36.204l36.203-36.204c9.997-9.998 26.207-9.998 36.204 0L192 312.69 432.095 72.596c9.997-9.997 26.207-9.997 36.204 0l36.203 36.204c9.997 9.997 9.997 26.206 0 36.204l-294.4 294.401c-9.998 9.997-26.207 9.997-36.204-.001z\"><\/path><\/svg><\/span><span class=\"gb-headline-text\">Immunit\u00e4t in allen Formulierungen von Biocell Ultravital-Produkten\n<\/span><\/h4>\n\n\n\n<p>Nach moderner Auffassung ist die Thymusdr\u00fcse das &#8222;Gehirn&#8220; des Immunsystems des menschlichen K\u00f6rpers. Mit zunehmendem Alter atrophiert die Thymusdr\u00fcse aus noch unbekannten Gr\u00fcnden. Aufgrund der Abnahme der Anzahl von T-Lymphozyten schw\u00e4cht sich die Immunit\u00e4t im Alter ab und macht die K\u00f6rperzellen anf\u00e4lliger f\u00fcr Angriffe.<\/p>\n\n\n\n<p>Viele Krankheiten k\u00f6nnen direkt oder indirekt auf eine Fehlfunktion des Immunsystems zur\u00fcckgef\u00fchrt werden. Die Verwendung von Thymuspeptiden, Enzymen und anderen Faktoren kann in beiden F\u00e4llen zur Regulation des Immunsystems beitragen.<\/p>\n\n<\/div><\/div>\n\n<div class=\"gb-grid-column gb-grid-column-a309adc9\"><div class=\"gb-container gb-container-a309adc9\">\n\n<figure class=\"gb-block-image gb-block-image-c6a43b3a\"><img loading=\"lazy\" decoding=\"async\" width=\"377\" height=\"196\" class=\"gb-image gb-image-c6a43b3a\" src=\"https:\/\/aeskulap-international.com\/wp-content\/uploads\/2024\/04\/Biocell-Ultravital.jpg\" alt=\"Logo von Biocell Ultravital\" title=\"Biocell Ultravital\" srcset=\"https:\/\/aeskulap-international.com\/wp-content\/uploads\/2024\/04\/Biocell-Ultravital.jpg 377w, https:\/\/aeskulap-international.com\/wp-content\/uploads\/2024\/04\/Biocell-Ultravital-300x156.jpg 300w\" sizes=\"auto, (max-width: 377px) 100vw, 377px\" \/><\/figure>\n\n\n\n<figure class=\"gb-block-image gb-block-image-577b5519\"><img loading=\"lazy\" decoding=\"async\" width=\"377\" height=\"289\" class=\"gb-image gb-image-577b5519\" src=\"https:\/\/aeskulap-international.com\/wp-content\/uploads\/2024\/04\/Biocell-Ultravital-package.jpg\" alt=\"Biocell Ultravital Packung\" title=\"Biocell Ultravital Packung\" srcset=\"https:\/\/aeskulap-international.com\/wp-content\/uploads\/2024\/04\/Biocell-Ultravital-package.jpg 377w, https:\/\/aeskulap-international.com\/wp-content\/uploads\/2024\/04\/Biocell-Ultravital-package-300x230.jpg 300w\" sizes=\"auto, (max-width: 377px) 100vw, 377px\" \/><\/figure>\n\n\n\n<div style=\"height:20px\" aria-hidden=\"true\" class=\"wp-block-spacer\"><\/div>\n\n\n\n<div class=\"wp-block-buttons is-horizontal is-content-justification-center is-layout-flex wp-container-core-buttons-is-layout-499968f5 wp-block-buttons-is-layout-flex\">\n<div class=\"wp-block-button\"><a class=\"wp-block-button__link wp-element-button\" href=\"https:\/\/biocellultravital.com\/al-al\/\" style=\"border-radius:2px\" target=\"_blank\" rel=\"noreferrer noopener\">Mehr \u00fcber Biocell Ultravital<\/a><\/div>\n<\/div>\n\n<\/div><\/div>\n<\/div>\n<\/div><\/div><\/div>\n","protected":false},"excerpt":{"rendered":"<p>Integrative Cancer Care arbeitet mit dem Pfeifer-Protokoll, das eine Zusammenfassung ausgew\u00e4hlter Behandlungsma\u00dfnahmen aus der Komplement\u00e4rmedizin&nbsp;enth\u00e4lt, die von Professor Ben Pfeifer, M.D., Ph.D. und seinem Team bekannter, international anerkannter Kliniker und Forscher entwickelt und erfolgreich angewendet wurden. Dieses Protokoll soll Krebspatienten und ihren \u00c4rzten dabei helfen, bestm\u00f6gliche Behandlungsergebnisse zu erzielen, Leiden zu lindern und die Lebensqualit\u00e4t &#8230; <a title=\"Arzneimittel &#038; Nahrungserg\u00e4nzungsmittel\" class=\"read-more\" href=\"https:\/\/aeskulap-international.com\/de\/komplementare-medizin\/\" aria-label=\"Mehr Informationen \u00fcber Arzneimittel &#038; Nahrungserg\u00e4nzungsmittel\">Weiterlesen &#8230;<\/a><\/p>\n","protected":false},"author":1,"featured_media":651,"parent":0,"menu_order":5,"comment_status":"closed","ping_status":"closed","template":"","meta":{"footnotes":""},"class_list":["post-34","page","type-page","status-publish","has-post-thumbnail"],"yoast_head":"<!-- This site is optimized with the Yoast SEO Premium plugin v27.4 (Yoast SEO v27.4) - https:\/\/yoast.com\/product\/yoast-seo-premium-wordpress\/ -->\n<title>Komplement\u00e4re Krebsbehandlung - Komplement\u00e4re Medizin<\/title>\n<meta name=\"description\" content=\"Entdecken Sie die komplement\u00e4re Medizin von Aeskulap International, die Teil des von Ben Pfeifer und seinem Expertenteam entwickelten Pfeifer-Protokolls ist.\" \/>\n<meta name=\"robots\" content=\"index, follow, max-snippet:-1, max-image-preview:large, max-video-preview:-1\" \/>\n<link rel=\"canonical\" href=\"https:\/\/aeskulap-international.com\/de\/komplementare-medizin\/\" \/>\n<meta property=\"og:locale\" content=\"de_DE\" \/>\n<meta property=\"og:type\" content=\"article\" \/>\n<meta property=\"og:title\" content=\"Arzneimittel &amp; Nahrungserg\u00e4nzungsmittel\" \/>\n<meta property=\"og:description\" content=\"Entdecken Sie die komplement\u00e4re Medizin von Aeskulap International, die Teil des von Ben Pfeifer und seinem Expertenteam entwickelten Pfeifer-Protokolls ist.\" \/>\n<meta property=\"og:url\" content=\"https:\/\/aeskulap-international.com\/de\/komplementare-medizin\/\" \/>\n<meta property=\"og:site_name\" content=\"Aeskulap International AG\" \/>\n<meta property=\"article:modified_time\" content=\"2024-10-16T06:57:22+00:00\" \/>\n<meta property=\"og:image\" content=\"https:\/\/aeskulap-international.com\/wp-content\/uploads\/2021\/07\/Medical-Products-and-Supplements.jpg\" \/>\n\t<meta property=\"og:image:width\" content=\"1340\" \/>\n\t<meta property=\"og:image:height\" content=\"400\" \/>\n\t<meta property=\"og:image:type\" content=\"image\/jpeg\" \/>\n<meta name=\"twitter:label1\" content=\"Gesch\u00e4tzte Lesezeit\" \/>\n\t<meta name=\"twitter:data1\" content=\"2\u00a0Minuten\" \/>\n<script type=\"application\/ld+json\" class=\"yoast-schema-graph\">{\"@context\":\"https:\\\/\\\/schema.org\",\"@graph\":[{\"@type\":\"WebPage\",\"@id\":\"https:\\\/\\\/aeskulap-international.com\\\/de\\\/komplementare-medizin\\\/\",\"url\":\"https:\\\/\\\/aeskulap-international.com\\\/de\\\/komplementare-medizin\\\/\",\"name\":\"Komplement\u00e4re Krebsbehandlung - Komplement\u00e4re Medizin\",\"isPartOf\":{\"@id\":\"https:\\\/\\\/aeskulap-international.com\\\/de\\\/#website\"},\"primaryImageOfPage\":{\"@id\":\"https:\\\/\\\/aeskulap-international.com\\\/de\\\/komplementare-medizin\\\/#primaryimage\"},\"image\":{\"@id\":\"https:\\\/\\\/aeskulap-international.com\\\/de\\\/komplementare-medizin\\\/#primaryimage\"},\"thumbnailUrl\":\"https:\\\/\\\/aeskulap-international.com\\\/wp-content\\\/uploads\\\/2021\\\/07\\\/Medical-Products-and-Supplements.jpg\",\"datePublished\":\"2014-03-27T17:15:57+00:00\",\"dateModified\":\"2024-10-16T06:57:22+00:00\",\"description\":\"Entdecken Sie die komplement\u00e4re Medizin von Aeskulap International, die Teil des von Ben Pfeifer und seinem Expertenteam entwickelten Pfeifer-Protokolls ist.\",\"breadcrumb\":{\"@id\":\"https:\\\/\\\/aeskulap-international.com\\\/de\\\/komplementare-medizin\\\/#breadcrumb\"},\"inLanguage\":\"de\",\"potentialAction\":[{\"@type\":\"ReadAction\",\"target\":[\"https:\\\/\\\/aeskulap-international.com\\\/de\\\/komplementare-medizin\\\/\"]}]},{\"@type\":\"ImageObject\",\"inLanguage\":\"de\",\"@id\":\"https:\\\/\\\/aeskulap-international.com\\\/de\\\/komplementare-medizin\\\/#primaryimage\",\"url\":\"https:\\\/\\\/aeskulap-international.com\\\/wp-content\\\/uploads\\\/2021\\\/07\\\/Medical-Products-and-Supplements.jpg\",\"contentUrl\":\"https:\\\/\\\/aeskulap-international.com\\\/wp-content\\\/uploads\\\/2021\\\/07\\\/Medical-Products-and-Supplements.jpg\",\"width\":1340,\"height\":400,\"caption\":\"Medical Products & Supplements\"},{\"@type\":\"BreadcrumbList\",\"@id\":\"https:\\\/\\\/aeskulap-international.com\\\/de\\\/komplementare-medizin\\\/#breadcrumb\",\"itemListElement\":[{\"@type\":\"ListItem\",\"position\":1,\"name\":\"Home\",\"item\":\"https:\\\/\\\/aeskulap-international.com\\\/de\\\/\"},{\"@type\":\"ListItem\",\"position\":2,\"name\":\"Arzneimittel &#038; Nahrungserg\u00e4nzungsmittel\"}]},{\"@type\":\"WebSite\",\"@id\":\"https:\\\/\\\/aeskulap-international.com\\\/de\\\/#website\",\"url\":\"https:\\\/\\\/aeskulap-international.com\\\/de\\\/\",\"name\":\"Aeskulap International AG\",\"description\":\"A Straight Line to High-Tech Medicine in Switzerland\",\"publisher\":{\"@id\":\"https:\\\/\\\/aeskulap-international.com\\\/de\\\/#organization\"},\"potentialAction\":[{\"@type\":\"SearchAction\",\"target\":{\"@type\":\"EntryPoint\",\"urlTemplate\":\"https:\\\/\\\/aeskulap-international.com\\\/de\\\/?s={search_term_string}\"},\"query-input\":{\"@type\":\"PropertyValueSpecification\",\"valueRequired\":true,\"valueName\":\"search_term_string\"}}],\"inLanguage\":\"de\"},{\"@type\":\"Organization\",\"@id\":\"https:\\\/\\\/aeskulap-international.com\\\/de\\\/#organization\",\"name\":\"Aeskulap International AG\",\"url\":\"https:\\\/\\\/aeskulap-international.com\\\/de\\\/\",\"logo\":{\"@type\":\"ImageObject\",\"inLanguage\":\"de\",\"@id\":\"https:\\\/\\\/aeskulap-international.com\\\/de\\\/#\\\/schema\\\/logo\\\/image\\\/\",\"url\":\"https:\\\/\\\/aeskulap-international.com\\\/wp-content\\\/uploads\\\/2014\\\/09\\\/logoline.png\",\"contentUrl\":\"https:\\\/\\\/aeskulap-international.com\\\/wp-content\\\/uploads\\\/2014\\\/09\\\/logoline.png\",\"width\":424,\"height\":120,\"caption\":\"Aeskulap International AG\"},\"image\":{\"@id\":\"https:\\\/\\\/aeskulap-international.com\\\/de\\\/#\\\/schema\\\/logo\\\/image\\\/\"}}]}<\/script>\n<!-- \/ Yoast SEO Premium plugin. -->","yoast_head_json":{"title":"Komplement\u00e4re Krebsbehandlung - Komplement\u00e4re Medizin","description":"Entdecken Sie die komplement\u00e4re Medizin von Aeskulap International, die Teil des von Ben Pfeifer und seinem Expertenteam entwickelten Pfeifer-Protokolls ist.","robots":{"index":"index","follow":"follow","max-snippet":"max-snippet:-1","max-image-preview":"max-image-preview:large","max-video-preview":"max-video-preview:-1"},"canonical":"https:\/\/aeskulap-international.com\/de\/komplementare-medizin\/","og_locale":"de_DE","og_type":"article","og_title":"Arzneimittel & Nahrungserg\u00e4nzungsmittel","og_description":"Entdecken Sie die komplement\u00e4re Medizin von Aeskulap International, die Teil des von Ben Pfeifer und seinem Expertenteam entwickelten Pfeifer-Protokolls ist.","og_url":"https:\/\/aeskulap-international.com\/de\/komplementare-medizin\/","og_site_name":"Aeskulap International AG","article_modified_time":"2024-10-16T06:57:22+00:00","og_image":[{"width":1340,"height":400,"url":"https:\/\/aeskulap-international.com\/wp-content\/uploads\/2021\/07\/Medical-Products-and-Supplements.jpg","type":"image\/jpeg"}],"twitter_misc":{"Gesch\u00e4tzte Lesezeit":"2\u00a0Minuten"},"schema":{"@context":"https:\/\/schema.org","@graph":[{"@type":"WebPage","@id":"https:\/\/aeskulap-international.com\/de\/komplementare-medizin\/","url":"https:\/\/aeskulap-international.com\/de\/komplementare-medizin\/","name":"Komplement\u00e4re Krebsbehandlung - Komplement\u00e4re Medizin","isPartOf":{"@id":"https:\/\/aeskulap-international.com\/de\/#website"},"primaryImageOfPage":{"@id":"https:\/\/aeskulap-international.com\/de\/komplementare-medizin\/#primaryimage"},"image":{"@id":"https:\/\/aeskulap-international.com\/de\/komplementare-medizin\/#primaryimage"},"thumbnailUrl":"https:\/\/aeskulap-international.com\/wp-content\/uploads\/2021\/07\/Medical-Products-and-Supplements.jpg","datePublished":"2014-03-27T17:15:57+00:00","dateModified":"2024-10-16T06:57:22+00:00","description":"Entdecken Sie die komplement\u00e4re Medizin von Aeskulap International, die Teil des von Ben Pfeifer und seinem Expertenteam entwickelten Pfeifer-Protokolls ist.","breadcrumb":{"@id":"https:\/\/aeskulap-international.com\/de\/komplementare-medizin\/#breadcrumb"},"inLanguage":"de","potentialAction":[{"@type":"ReadAction","target":["https:\/\/aeskulap-international.com\/de\/komplementare-medizin\/"]}]},{"@type":"ImageObject","inLanguage":"de","@id":"https:\/\/aeskulap-international.com\/de\/komplementare-medizin\/#primaryimage","url":"https:\/\/aeskulap-international.com\/wp-content\/uploads\/2021\/07\/Medical-Products-and-Supplements.jpg","contentUrl":"https:\/\/aeskulap-international.com\/wp-content\/uploads\/2021\/07\/Medical-Products-and-Supplements.jpg","width":1340,"height":400,"caption":"Medical Products & Supplements"},{"@type":"BreadcrumbList","@id":"https:\/\/aeskulap-international.com\/de\/komplementare-medizin\/#breadcrumb","itemListElement":[{"@type":"ListItem","position":1,"name":"Home","item":"https:\/\/aeskulap-international.com\/de\/"},{"@type":"ListItem","position":2,"name":"Arzneimittel &#038; Nahrungserg\u00e4nzungsmittel"}]},{"@type":"WebSite","@id":"https:\/\/aeskulap-international.com\/de\/#website","url":"https:\/\/aeskulap-international.com\/de\/","name":"Aeskulap International AG","description":"A Straight Line to High-Tech Medicine in Switzerland","publisher":{"@id":"https:\/\/aeskulap-international.com\/de\/#organization"},"potentialAction":[{"@type":"SearchAction","target":{"@type":"EntryPoint","urlTemplate":"https:\/\/aeskulap-international.com\/de\/?s={search_term_string}"},"query-input":{"@type":"PropertyValueSpecification","valueRequired":true,"valueName":"search_term_string"}}],"inLanguage":"de"},{"@type":"Organization","@id":"https:\/\/aeskulap-international.com\/de\/#organization","name":"Aeskulap International AG","url":"https:\/\/aeskulap-international.com\/de\/","logo":{"@type":"ImageObject","inLanguage":"de","@id":"https:\/\/aeskulap-international.com\/de\/#\/schema\/logo\/image\/","url":"https:\/\/aeskulap-international.com\/wp-content\/uploads\/2014\/09\/logoline.png","contentUrl":"https:\/\/aeskulap-international.com\/wp-content\/uploads\/2014\/09\/logoline.png","width":424,"height":120,"caption":"Aeskulap International AG"},"image":{"@id":"https:\/\/aeskulap-international.com\/de\/#\/schema\/logo\/image\/"}}]}},"_links":{"self":[{"href":"https:\/\/aeskulap-international.com\/de\/wp-json\/wp\/v2\/pages\/34","targetHints":{"allow":["GET"]}}],"collection":[{"href":"https:\/\/aeskulap-international.com\/de\/wp-json\/wp\/v2\/pages"}],"about":[{"href":"https:\/\/aeskulap-international.com\/de\/wp-json\/wp\/v2\/types\/page"}],"author":[{"embeddable":true,"href":"https:\/\/aeskulap-international.com\/de\/wp-json\/wp\/v2\/users\/1"}],"replies":[{"embeddable":true,"href":"https:\/\/aeskulap-international.com\/de\/wp-json\/wp\/v2\/comments?post=34"}],"version-history":[{"count":3,"href":"https:\/\/aeskulap-international.com\/de\/wp-json\/wp\/v2\/pages\/34\/revisions"}],"predecessor-version":[{"id":794,"href":"https:\/\/aeskulap-international.com\/de\/wp-json\/wp\/v2\/pages\/34\/revisions\/794"}],"wp:featuredmedia":[{"embeddable":true,"href":"https:\/\/aeskulap-international.com\/de\/wp-json\/wp\/v2\/media\/651"}],"wp:attachment":[{"href":"https:\/\/aeskulap-international.com\/de\/wp-json\/wp\/v2\/media?parent=34"}],"curies":[{"name":"wp","href":"https:\/\/api.w.org\/{rel}","templated":true}]}}