{"id":46,"date":"2014-03-27T18:23:33","date_gmt":"2014-03-27T17:23:33","guid":{"rendered":"http:\/\/aeskulap-international.com\/partner-institutions-2\/"},"modified":"2021-07-23T13:38:04","modified_gmt":"2021-07-23T12:38:04","slug":"kooperationspartner","status":"publish","type":"page","link":"https:\/\/aeskulap-international.com\/de\/kooperationspartner\/","title":{"rendered":"Partner"},"content":{"rendered":"<p>\u00bb <a href=\"https:\/\/aeskulap-international.com\/de\/partners\/hospitals-clinics\/\"><span style=\"font-weight: 400;\">Krankenh\u00e4user &amp; <\/span><span style=\"font-weight: 400;\">Kliniken<\/span><\/a><br \/>\n\u00bb <a href=\"https:\/\/aeskulap-international.com\/de\/partners\/medical-specialists\/\"><span style=\"font-weight: 400;\">Fach\u00e4rzte<\/span><\/a><br \/>\n\u00bb<a href=\"https:\/\/aeskulap-international.com\/de\/medical-products\/manufacturing-facilities\/\"> <span style=\"font-weight: 400;\">Produktionsst\u00e4tten<\/span><\/a><\/p>\n<p><span style=\"font-weight: 400;\">Keiner der Kooperationspartner h\u00e4lt eine Beteiligung an Aeskulap International oder Integrative Cancer Care und umgekehrt. Unsere Zusammenarbeit basiert ausschlie\u00dflich auf Einzelvertr\u00e4gen zur Erbringung von Dienstleistungen und\/oder Produkten. Bei der Auswahl der besten medizinischen Dienstleister gew\u00e4hrleistet dies die v\u00f6llige Unabh\u00e4ngigkeit von Aeskulap International.<\/span><\/p>\n","protected":false},"excerpt":{"rendered":"<p>\u00bb Krankenh\u00e4user &amp; Kliniken \u00bb Fach\u00e4rzte \u00bb Produktionsst\u00e4tten Keiner der Kooperationspartner h\u00e4lt eine Beteiligung an Aeskulap International oder Integrative Cancer Care und umgekehrt. Unsere Zusammenarbeit basiert ausschlie\u00dflich auf Einzelvertr\u00e4gen zur Erbringung von Dienstleistungen und\/oder Produkten. Bei der Auswahl der besten medizinischen Dienstleister gew\u00e4hrleistet dies die v\u00f6llige Unabh\u00e4ngigkeit von Aeskulap International.<\/p>\n","protected":false},"author":1,"featured_media":0,"parent":0,"menu_order":4,"comment_status":"closed","ping_status":"closed","template":"","meta":{"footnotes":""},"class_list":["post-46","page","type-page","status-publish"],"yoast_head":"<!-- This site is optimized with the Yoast SEO Premium plugin v27.4 (Yoast SEO v27.4) - https:\/\/yoast.com\/product\/yoast-seo-premium-wordpress\/ -->\n<title>Unsere Kooperationspartner - Aeskulap International<\/title>\n<meta name=\"description\" content=\"Krankenh\u00e4user &amp; Kliniken, Fach\u00e4rzte, Produktionsst\u00e4tten: Treffen Sie sich mit unseren international bekannten Kooperationspartnern.\" \/>\n<meta name=\"robots\" content=\"index, follow, max-snippet:-1, max-image-preview:large, max-video-preview:-1\" \/>\n<link rel=\"canonical\" href=\"https:\/\/aeskulap-international.com\/de\/kooperationspartner\/\" \/>\n<meta property=\"og:locale\" content=\"de_DE\" \/>\n<meta property=\"og:type\" content=\"article\" \/>\n<meta property=\"og:title\" content=\"Partner\" \/>\n<meta property=\"og:description\" content=\"Krankenh\u00e4user &amp; Kliniken, Fach\u00e4rzte, Produktionsst\u00e4tten: Treffen Sie sich mit unseren international bekannten Kooperationspartnern.\" \/>\n<meta property=\"og:url\" content=\"https:\/\/aeskulap-international.com\/de\/kooperationspartner\/\" \/>\n<meta property=\"og:site_name\" content=\"Aeskulap International AG\" \/>\n<meta property=\"article:modified_time\" content=\"2021-07-23T12:38:04+00:00\" \/>\n<meta name=\"twitter:label1\" content=\"Gesch\u00e4tzte Lesezeit\" \/>\n\t<meta name=\"twitter:data1\" content=\"1\u00a0Minute\" \/>\n<script type=\"application\/ld+json\" class=\"yoast-schema-graph\">{\"@context\":\"https:\\\/\\\/schema.org\",\"@graph\":[{\"@type\":\"WebPage\",\"@id\":\"https:\\\/\\\/aeskulap-international.com\\\/de\\\/kooperationspartner\\\/\",\"url\":\"https:\\\/\\\/aeskulap-international.com\\\/de\\\/kooperationspartner\\\/\",\"name\":\"Unsere Kooperationspartner - Aeskulap International\",\"isPartOf\":{\"@id\":\"https:\\\/\\\/aeskulap-international.com\\\/de\\\/#website\"},\"datePublished\":\"2014-03-27T17:23:33+00:00\",\"dateModified\":\"2021-07-23T12:38:04+00:00\",\"description\":\"Krankenh\u00e4user & Kliniken, Fach\u00e4rzte, Produktionsst\u00e4tten: Treffen Sie sich mit unseren international bekannten Kooperationspartnern.\",\"breadcrumb\":{\"@id\":\"https:\\\/\\\/aeskulap-international.com\\\/de\\\/kooperationspartner\\\/#breadcrumb\"},\"inLanguage\":\"de\",\"potentialAction\":[{\"@type\":\"ReadAction\",\"target\":[\"https:\\\/\\\/aeskulap-international.com\\\/de\\\/kooperationspartner\\\/\"]}]},{\"@type\":\"BreadcrumbList\",\"@id\":\"https:\\\/\\\/aeskulap-international.com\\\/de\\\/kooperationspartner\\\/#breadcrumb\",\"itemListElement\":[{\"@type\":\"ListItem\",\"position\":1,\"name\":\"Home\",\"item\":\"https:\\\/\\\/aeskulap-international.com\\\/de\\\/\"},{\"@type\":\"ListItem\",\"position\":2,\"name\":\"Partner\"}]},{\"@type\":\"WebSite\",\"@id\":\"https:\\\/\\\/aeskulap-international.com\\\/de\\\/#website\",\"url\":\"https:\\\/\\\/aeskulap-international.com\\\/de\\\/\",\"name\":\"Aeskulap International AG\",\"description\":\"A Straight Line to High-Tech Medicine in Switzerland\",\"publisher\":{\"@id\":\"https:\\\/\\\/aeskulap-international.com\\\/de\\\/#organization\"},\"potentialAction\":[{\"@type\":\"SearchAction\",\"target\":{\"@type\":\"EntryPoint\",\"urlTemplate\":\"https:\\\/\\\/aeskulap-international.com\\\/de\\\/?s={search_term_string}\"},\"query-input\":{\"@type\":\"PropertyValueSpecification\",\"valueRequired\":true,\"valueName\":\"search_term_string\"}}],\"inLanguage\":\"de\"},{\"@type\":\"Organization\",\"@id\":\"https:\\\/\\\/aeskulap-international.com\\\/de\\\/#organization\",\"name\":\"Aeskulap International AG\",\"url\":\"https:\\\/\\\/aeskulap-international.com\\\/de\\\/\",\"logo\":{\"@type\":\"ImageObject\",\"inLanguage\":\"de\",\"@id\":\"https:\\\/\\\/aeskulap-international.com\\\/de\\\/#\\\/schema\\\/logo\\\/image\\\/\",\"url\":\"https:\\\/\\\/aeskulap-international.com\\\/wp-content\\\/uploads\\\/2014\\\/09\\\/logoline.png\",\"contentUrl\":\"https:\\\/\\\/aeskulap-international.com\\\/wp-content\\\/uploads\\\/2014\\\/09\\\/logoline.png\",\"width\":424,\"height\":120,\"caption\":\"Aeskulap International AG\"},\"image\":{\"@id\":\"https:\\\/\\\/aeskulap-international.com\\\/de\\\/#\\\/schema\\\/logo\\\/image\\\/\"}}]}<\/script>\n<!-- \/ Yoast SEO Premium plugin. -->","yoast_head_json":{"title":"Unsere Kooperationspartner - Aeskulap International","description":"Krankenh\u00e4user & Kliniken, Fach\u00e4rzte, Produktionsst\u00e4tten: Treffen Sie sich mit unseren international bekannten Kooperationspartnern.","robots":{"index":"index","follow":"follow","max-snippet":"max-snippet:-1","max-image-preview":"max-image-preview:large","max-video-preview":"max-video-preview:-1"},"canonical":"https:\/\/aeskulap-international.com\/de\/kooperationspartner\/","og_locale":"de_DE","og_type":"article","og_title":"Partner","og_description":"Krankenh\u00e4user & Kliniken, Fach\u00e4rzte, Produktionsst\u00e4tten: Treffen Sie sich mit unseren international bekannten Kooperationspartnern.","og_url":"https:\/\/aeskulap-international.com\/de\/kooperationspartner\/","og_site_name":"Aeskulap International AG","article_modified_time":"2021-07-23T12:38:04+00:00","twitter_misc":{"Gesch\u00e4tzte Lesezeit":"1\u00a0Minute"},"schema":{"@context":"https:\/\/schema.org","@graph":[{"@type":"WebPage","@id":"https:\/\/aeskulap-international.com\/de\/kooperationspartner\/","url":"https:\/\/aeskulap-international.com\/de\/kooperationspartner\/","name":"Unsere Kooperationspartner - Aeskulap International","isPartOf":{"@id":"https:\/\/aeskulap-international.com\/de\/#website"},"datePublished":"2014-03-27T17:23:33+00:00","dateModified":"2021-07-23T12:38:04+00:00","description":"Krankenh\u00e4user & Kliniken, Fach\u00e4rzte, Produktionsst\u00e4tten: Treffen Sie sich mit unseren international bekannten Kooperationspartnern.","breadcrumb":{"@id":"https:\/\/aeskulap-international.com\/de\/kooperationspartner\/#breadcrumb"},"inLanguage":"de","potentialAction":[{"@type":"ReadAction","target":["https:\/\/aeskulap-international.com\/de\/kooperationspartner\/"]}]},{"@type":"BreadcrumbList","@id":"https:\/\/aeskulap-international.com\/de\/kooperationspartner\/#breadcrumb","itemListElement":[{"@type":"ListItem","position":1,"name":"Home","item":"https:\/\/aeskulap-international.com\/de\/"},{"@type":"ListItem","position":2,"name":"Partner"}]},{"@type":"WebSite","@id":"https:\/\/aeskulap-international.com\/de\/#website","url":"https:\/\/aeskulap-international.com\/de\/","name":"Aeskulap International AG","description":"A Straight Line to High-Tech Medicine in Switzerland","publisher":{"@id":"https:\/\/aeskulap-international.com\/de\/#organization"},"potentialAction":[{"@type":"SearchAction","target":{"@type":"EntryPoint","urlTemplate":"https:\/\/aeskulap-international.com\/de\/?s={search_term_string}"},"query-input":{"@type":"PropertyValueSpecification","valueRequired":true,"valueName":"search_term_string"}}],"inLanguage":"de"},{"@type":"Organization","@id":"https:\/\/aeskulap-international.com\/de\/#organization","name":"Aeskulap International AG","url":"https:\/\/aeskulap-international.com\/de\/","logo":{"@type":"ImageObject","inLanguage":"de","@id":"https:\/\/aeskulap-international.com\/de\/#\/schema\/logo\/image\/","url":"https:\/\/aeskulap-international.com\/wp-content\/uploads\/2014\/09\/logoline.png","contentUrl":"https:\/\/aeskulap-international.com\/wp-content\/uploads\/2014\/09\/logoline.png","width":424,"height":120,"caption":"Aeskulap International AG"},"image":{"@id":"https:\/\/aeskulap-international.com\/de\/#\/schema\/logo\/image\/"}}]}},"_links":{"self":[{"href":"https:\/\/aeskulap-international.com\/de\/wp-json\/wp\/v2\/pages\/46","targetHints":{"allow":["GET"]}}],"collection":[{"href":"https:\/\/aeskulap-international.com\/de\/wp-json\/wp\/v2\/pages"}],"about":[{"href":"https:\/\/aeskulap-international.com\/de\/wp-json\/wp\/v2\/types\/page"}],"author":[{"embeddable":true,"href":"https:\/\/aeskulap-international.com\/de\/wp-json\/wp\/v2\/users\/1"}],"replies":[{"embeddable":true,"href":"https:\/\/aeskulap-international.com\/de\/wp-json\/wp\/v2\/comments?post=46"}],"version-history":[{"count":3,"href":"https:\/\/aeskulap-international.com\/de\/wp-json\/wp\/v2\/pages\/46\/revisions"}],"predecessor-version":[{"id":521,"href":"https:\/\/aeskulap-international.com\/de\/wp-json\/wp\/v2\/pages\/46\/revisions\/521"}],"wp:attachment":[{"href":"https:\/\/aeskulap-international.com\/de\/wp-json\/wp\/v2\/media?parent=46"}],"curies":[{"name":"wp","href":"https:\/\/api.w.org\/{rel}","templated":true}]}}