{"id":81,"date":"2014-03-27T18:56:47","date_gmt":"2014-03-27T17:56:47","guid":{"rendered":"http:\/\/aeskulap-international.com\/partner-institutions\/medical-specialist-network\/"},"modified":"2021-09-20T10:14:56","modified_gmt":"2021-09-20T09:14:56","slug":"facharzte","status":"publish","type":"page","link":"https:\/\/aeskulap-international.com\/de\/kooperationspartner\/facharzte\/","title":{"rendered":"Fach\u00e4rzte"},"content":{"rendered":"\n<p>Prof. Dr. Dr. med. Ben Pfeifer, seit 46 Jahren leidenschaftlicher Mediziner und Wissenschaftler, erhielt seine medizinische Ausbildung und Facharztausbildung in Deutschland, den USA und der Schweiz. Seine Spezialgebiete und Hauptinteressen sind Immunologie, Intensivmedizin, Onkologie und Stammzellforschung. Seit mehr als 20 Jahren praktiziert und forscht er auf dem Gebiet der komplement\u00e4ren Krebsversorgung und ber\u00e4t weltweit Patienten.<\/p>\n\n\n\n<p>F\u00fcr seine Leistungen wurde Professor Pfeifer in Deutschland mit dem Humboldt-Preis und in den USA mit dem Immunologie-Forschungspreis ausgezeichnet. Er hat \u00fcber 70 Artikel in begutachteten medizinischen Fachzeitschriften, mehrere Buchkapitel f\u00fcr medizinische Lehrb\u00fccher und das erste Lehrbuch der \u201eIntegrativen Onkologie\u201c ver\u00f6ffentlicht.<\/p>\n\n\n\n<p><span style=\"font-weight: 400;\">Professor Ben Pfeifer ist Direktor f\u00fcr Forschung &amp; Entwicklung bei Aeskulap-International in der Schweiz und der Gr\u00fcnder von <a href=\"http:\/\/www;integrative-cancer-care.org\" target=\"_blank\" rel=\"noreferrer noopener\">Integrative Cancer Care<\/a><\/span>, <span style=\"font-weight: 400;\">einer neuen Online-Plattform, auf der er sich mit medizinischen Experten aus seinem Netzwerk zu einem internationalen Tumorboard zusammengeschlossen hat.<\/span><\/p>\n\n\n\n<div style=\"height:30px\" aria-hidden=\"true\" class=\"wp-block-spacer\"><\/div>\n\n\n\n<div class=\"wp-block-buttons is-content-justification-center is-layout-flex wp-block-buttons-is-layout-flex\">\n<div class=\"wp-block-button\"><a class=\"wp-block-button__link\" style=\"border-radius:2px\">Mehr \u00fcber Professor Pfeifer<\/a><\/div>\n\n\n\n<div class=\"wp-block-button is-style-outline is-style-outline--1\"><a class=\"wp-block-button__link\" style=\"border-radius:2px\">Unser Expertenteam<\/a><\/div>\n<\/div>\n","protected":false},"excerpt":{"rendered":"<p>Prof. Dr. Dr. med. Ben Pfeifer, seit 46 Jahren leidenschaftlicher Mediziner und Wissenschaftler, erhielt seine medizinische Ausbildung und Facharztausbildung in Deutschland, den USA und der Schweiz. Seine Spezialgebiete und Hauptinteressen sind Immunologie, Intensivmedizin, Onkologie und Stammzellforschung. Seit mehr als 20 Jahren praktiziert und forscht er auf dem Gebiet der komplement\u00e4ren Krebsversorgung und ber\u00e4t weltweit Patienten. &#8230; <a title=\"Fach\u00e4rzte\" class=\"read-more\" href=\"https:\/\/aeskulap-international.com\/de\/kooperationspartner\/facharzte\/\" aria-label=\"Mehr Informationen \u00fcber Fach\u00e4rzte\">Weiterlesen &#8230;<\/a><\/p>\n","protected":false},"author":1,"featured_media":661,"parent":46,"menu_order":0,"comment_status":"closed","ping_status":"closed","template":"","meta":{"footnotes":""},"class_list":["post-81","page","type-page","status-publish","has-post-thumbnail"],"yoast_head":"<!-- This site is optimized with the Yoast SEO Premium plugin v27.4 (Yoast SEO v27.4) - https:\/\/yoast.com\/product\/yoast-seo-premium-wordpress\/ -->\n<title>Fach\u00e4rzte - Aeskulap International &amp; Integrative Cancer Care<\/title>\n<meta name=\"description\" content=\"Treffen Sie sich mit Ihrem Fach\u00e4rzte Team f\u00fcr Medizin und Komplement\u00e4rmedizin, alle Mitglieder des Tumorboards von Integrative Cancer Care.\" \/>\n<meta name=\"robots\" content=\"index, follow, max-snippet:-1, max-image-preview:large, max-video-preview:-1\" \/>\n<link rel=\"canonical\" href=\"https:\/\/aeskulap-international.com\/de\/kooperationspartner\/facharzte\/\" \/>\n<meta property=\"og:locale\" content=\"de_DE\" \/>\n<meta property=\"og:type\" content=\"article\" \/>\n<meta property=\"og:title\" content=\"Fach\u00e4rzte\" \/>\n<meta property=\"og:description\" content=\"Treffen Sie sich mit Ihrem Fach\u00e4rzte Team f\u00fcr Medizin und Komplement\u00e4rmedizin, alle Mitglieder des Tumorboards von Integrative Cancer Care.\" \/>\n<meta property=\"og:url\" content=\"https:\/\/aeskulap-international.com\/de\/kooperationspartner\/facharzte\/\" \/>\n<meta property=\"og:site_name\" content=\"Aeskulap International AG\" \/>\n<meta property=\"article:modified_time\" content=\"2021-09-20T09:14:56+00:00\" \/>\n<meta property=\"og:image\" content=\"https:\/\/aeskulap-international.com\/wp-content\/uploads\/2021\/07\/Medical-Specialists.jpg\" \/>\n\t<meta property=\"og:image:width\" content=\"1340\" \/>\n\t<meta property=\"og:image:height\" content=\"400\" \/>\n\t<meta property=\"og:image:type\" content=\"image\/jpeg\" \/>\n<meta name=\"twitter:label1\" content=\"Gesch\u00e4tzte Lesezeit\" \/>\n\t<meta name=\"twitter:data1\" content=\"1\u00a0Minute\" \/>\n<script type=\"application\/ld+json\" class=\"yoast-schema-graph\">{\"@context\":\"https:\\\/\\\/schema.org\",\"@graph\":[{\"@type\":\"WebPage\",\"@id\":\"https:\\\/\\\/aeskulap-international.com\\\/de\\\/kooperationspartner\\\/facharzte\\\/\",\"url\":\"https:\\\/\\\/aeskulap-international.com\\\/de\\\/kooperationspartner\\\/facharzte\\\/\",\"name\":\"Fach\u00e4rzte - Aeskulap International & Integrative Cancer Care\",\"isPartOf\":{\"@id\":\"https:\\\/\\\/aeskulap-international.com\\\/de\\\/#website\"},\"primaryImageOfPage\":{\"@id\":\"https:\\\/\\\/aeskulap-international.com\\\/de\\\/kooperationspartner\\\/facharzte\\\/#primaryimage\"},\"image\":{\"@id\":\"https:\\\/\\\/aeskulap-international.com\\\/de\\\/kooperationspartner\\\/facharzte\\\/#primaryimage\"},\"thumbnailUrl\":\"https:\\\/\\\/aeskulap-international.com\\\/wp-content\\\/uploads\\\/2021\\\/07\\\/Medical-Specialists.jpg\",\"datePublished\":\"2014-03-27T17:56:47+00:00\",\"dateModified\":\"2021-09-20T09:14:56+00:00\",\"description\":\"Treffen Sie sich mit Ihrem Fach\u00e4rzte Team f\u00fcr Medizin und Komplement\u00e4rmedizin, alle Mitglieder des Tumorboards von Integrative Cancer Care.\",\"breadcrumb\":{\"@id\":\"https:\\\/\\\/aeskulap-international.com\\\/de\\\/kooperationspartner\\\/facharzte\\\/#breadcrumb\"},\"inLanguage\":\"de\",\"potentialAction\":[{\"@type\":\"ReadAction\",\"target\":[\"https:\\\/\\\/aeskulap-international.com\\\/de\\\/kooperationspartner\\\/facharzte\\\/\"]}]},{\"@type\":\"ImageObject\",\"inLanguage\":\"de\",\"@id\":\"https:\\\/\\\/aeskulap-international.com\\\/de\\\/kooperationspartner\\\/facharzte\\\/#primaryimage\",\"url\":\"https:\\\/\\\/aeskulap-international.com\\\/wp-content\\\/uploads\\\/2021\\\/07\\\/Medical-Specialists.jpg\",\"contentUrl\":\"https:\\\/\\\/aeskulap-international.com\\\/wp-content\\\/uploads\\\/2021\\\/07\\\/Medical-Specialists.jpg\",\"width\":1340,\"height\":400,\"caption\":\"Medical Specialists\"},{\"@type\":\"BreadcrumbList\",\"@id\":\"https:\\\/\\\/aeskulap-international.com\\\/de\\\/kooperationspartner\\\/facharzte\\\/#breadcrumb\",\"itemListElement\":[{\"@type\":\"ListItem\",\"position\":1,\"name\":\"Home\",\"item\":\"https:\\\/\\\/aeskulap-international.com\\\/de\\\/\"},{\"@type\":\"ListItem\",\"position\":2,\"name\":\"Partner\",\"item\":\"https:\\\/\\\/aeskulap-international.com\\\/de\\\/partners\\\/\"},{\"@type\":\"ListItem\",\"position\":3,\"name\":\"Fach\u00e4rzte\"}]},{\"@type\":\"WebSite\",\"@id\":\"https:\\\/\\\/aeskulap-international.com\\\/de\\\/#website\",\"url\":\"https:\\\/\\\/aeskulap-international.com\\\/de\\\/\",\"name\":\"Aeskulap International AG\",\"description\":\"A Straight Line to High-Tech Medicine in Switzerland\",\"publisher\":{\"@id\":\"https:\\\/\\\/aeskulap-international.com\\\/de\\\/#organization\"},\"potentialAction\":[{\"@type\":\"SearchAction\",\"target\":{\"@type\":\"EntryPoint\",\"urlTemplate\":\"https:\\\/\\\/aeskulap-international.com\\\/de\\\/?s={search_term_string}\"},\"query-input\":{\"@type\":\"PropertyValueSpecification\",\"valueRequired\":true,\"valueName\":\"search_term_string\"}}],\"inLanguage\":\"de\"},{\"@type\":\"Organization\",\"@id\":\"https:\\\/\\\/aeskulap-international.com\\\/de\\\/#organization\",\"name\":\"Aeskulap International AG\",\"url\":\"https:\\\/\\\/aeskulap-international.com\\\/de\\\/\",\"logo\":{\"@type\":\"ImageObject\",\"inLanguage\":\"de\",\"@id\":\"https:\\\/\\\/aeskulap-international.com\\\/de\\\/#\\\/schema\\\/logo\\\/image\\\/\",\"url\":\"https:\\\/\\\/aeskulap-international.com\\\/wp-content\\\/uploads\\\/2014\\\/09\\\/logoline.png\",\"contentUrl\":\"https:\\\/\\\/aeskulap-international.com\\\/wp-content\\\/uploads\\\/2014\\\/09\\\/logoline.png\",\"width\":424,\"height\":120,\"caption\":\"Aeskulap International AG\"},\"image\":{\"@id\":\"https:\\\/\\\/aeskulap-international.com\\\/de\\\/#\\\/schema\\\/logo\\\/image\\\/\"}}]}<\/script>\n<!-- \/ Yoast SEO Premium plugin. -->","yoast_head_json":{"title":"Fach\u00e4rzte - Aeskulap International & Integrative Cancer Care","description":"Treffen Sie sich mit Ihrem Fach\u00e4rzte Team f\u00fcr Medizin und Komplement\u00e4rmedizin, alle Mitglieder des Tumorboards von Integrative Cancer Care.","robots":{"index":"index","follow":"follow","max-snippet":"max-snippet:-1","max-image-preview":"max-image-preview:large","max-video-preview":"max-video-preview:-1"},"canonical":"https:\/\/aeskulap-international.com\/de\/kooperationspartner\/facharzte\/","og_locale":"de_DE","og_type":"article","og_title":"Fach\u00e4rzte","og_description":"Treffen Sie sich mit Ihrem Fach\u00e4rzte Team f\u00fcr Medizin und Komplement\u00e4rmedizin, alle Mitglieder des Tumorboards von Integrative Cancer Care.","og_url":"https:\/\/aeskulap-international.com\/de\/kooperationspartner\/facharzte\/","og_site_name":"Aeskulap International AG","article_modified_time":"2021-09-20T09:14:56+00:00","og_image":[{"width":1340,"height":400,"url":"https:\/\/aeskulap-international.com\/wp-content\/uploads\/2021\/07\/Medical-Specialists.jpg","type":"image\/jpeg"}],"twitter_misc":{"Gesch\u00e4tzte Lesezeit":"1\u00a0Minute"},"schema":{"@context":"https:\/\/schema.org","@graph":[{"@type":"WebPage","@id":"https:\/\/aeskulap-international.com\/de\/kooperationspartner\/facharzte\/","url":"https:\/\/aeskulap-international.com\/de\/kooperationspartner\/facharzte\/","name":"Fach\u00e4rzte - Aeskulap International & Integrative Cancer Care","isPartOf":{"@id":"https:\/\/aeskulap-international.com\/de\/#website"},"primaryImageOfPage":{"@id":"https:\/\/aeskulap-international.com\/de\/kooperationspartner\/facharzte\/#primaryimage"},"image":{"@id":"https:\/\/aeskulap-international.com\/de\/kooperationspartner\/facharzte\/#primaryimage"},"thumbnailUrl":"https:\/\/aeskulap-international.com\/wp-content\/uploads\/2021\/07\/Medical-Specialists.jpg","datePublished":"2014-03-27T17:56:47+00:00","dateModified":"2021-09-20T09:14:56+00:00","description":"Treffen Sie sich mit Ihrem Fach\u00e4rzte Team f\u00fcr Medizin und Komplement\u00e4rmedizin, alle Mitglieder des Tumorboards von Integrative Cancer Care.","breadcrumb":{"@id":"https:\/\/aeskulap-international.com\/de\/kooperationspartner\/facharzte\/#breadcrumb"},"inLanguage":"de","potentialAction":[{"@type":"ReadAction","target":["https:\/\/aeskulap-international.com\/de\/kooperationspartner\/facharzte\/"]}]},{"@type":"ImageObject","inLanguage":"de","@id":"https:\/\/aeskulap-international.com\/de\/kooperationspartner\/facharzte\/#primaryimage","url":"https:\/\/aeskulap-international.com\/wp-content\/uploads\/2021\/07\/Medical-Specialists.jpg","contentUrl":"https:\/\/aeskulap-international.com\/wp-content\/uploads\/2021\/07\/Medical-Specialists.jpg","width":1340,"height":400,"caption":"Medical Specialists"},{"@type":"BreadcrumbList","@id":"https:\/\/aeskulap-international.com\/de\/kooperationspartner\/facharzte\/#breadcrumb","itemListElement":[{"@type":"ListItem","position":1,"name":"Home","item":"https:\/\/aeskulap-international.com\/de\/"},{"@type":"ListItem","position":2,"name":"Partner","item":"https:\/\/aeskulap-international.com\/de\/partners\/"},{"@type":"ListItem","position":3,"name":"Fach\u00e4rzte"}]},{"@type":"WebSite","@id":"https:\/\/aeskulap-international.com\/de\/#website","url":"https:\/\/aeskulap-international.com\/de\/","name":"Aeskulap International AG","description":"A Straight Line to High-Tech Medicine in Switzerland","publisher":{"@id":"https:\/\/aeskulap-international.com\/de\/#organization"},"potentialAction":[{"@type":"SearchAction","target":{"@type":"EntryPoint","urlTemplate":"https:\/\/aeskulap-international.com\/de\/?s={search_term_string}"},"query-input":{"@type":"PropertyValueSpecification","valueRequired":true,"valueName":"search_term_string"}}],"inLanguage":"de"},{"@type":"Organization","@id":"https:\/\/aeskulap-international.com\/de\/#organization","name":"Aeskulap International AG","url":"https:\/\/aeskulap-international.com\/de\/","logo":{"@type":"ImageObject","inLanguage":"de","@id":"https:\/\/aeskulap-international.com\/de\/#\/schema\/logo\/image\/","url":"https:\/\/aeskulap-international.com\/wp-content\/uploads\/2014\/09\/logoline.png","contentUrl":"https:\/\/aeskulap-international.com\/wp-content\/uploads\/2014\/09\/logoline.png","width":424,"height":120,"caption":"Aeskulap International AG"},"image":{"@id":"https:\/\/aeskulap-international.com\/de\/#\/schema\/logo\/image\/"}}]}},"_links":{"self":[{"href":"https:\/\/aeskulap-international.com\/de\/wp-json\/wp\/v2\/pages\/81","targetHints":{"allow":["GET"]}}],"collection":[{"href":"https:\/\/aeskulap-international.com\/de\/wp-json\/wp\/v2\/pages"}],"about":[{"href":"https:\/\/aeskulap-international.com\/de\/wp-json\/wp\/v2\/types\/page"}],"author":[{"embeddable":true,"href":"https:\/\/aeskulap-international.com\/de\/wp-json\/wp\/v2\/users\/1"}],"replies":[{"embeddable":true,"href":"https:\/\/aeskulap-international.com\/de\/wp-json\/wp\/v2\/comments?post=81"}],"version-history":[{"count":3,"href":"https:\/\/aeskulap-international.com\/de\/wp-json\/wp\/v2\/pages\/81\/revisions"}],"predecessor-version":[{"id":693,"href":"https:\/\/aeskulap-international.com\/de\/wp-json\/wp\/v2\/pages\/81\/revisions\/693"}],"up":[{"embeddable":true,"href":"https:\/\/aeskulap-international.com\/de\/wp-json\/wp\/v2\/pages\/46"}],"wp:featuredmedia":[{"embeddable":true,"href":"https:\/\/aeskulap-international.com\/de\/wp-json\/wp\/v2\/media\/661"}],"wp:attachment":[{"href":"https:\/\/aeskulap-international.com\/de\/wp-json\/wp\/v2\/media?parent=81"}],"curies":[{"name":"wp","href":"https:\/\/api.w.org\/{rel}","templated":true}]}}