{"id":98,"date":"2014-03-27T19:12:25","date_gmt":"2014-03-27T18:12:25","guid":{"rendered":"http:\/\/aeskulap-international.com\/partner-institutions\/manufacturing-facilities\/"},"modified":"2022-12-13T13:41:52","modified_gmt":"2022-12-13T12:41:52","slug":"produktionsstatten","status":"publish","type":"page","link":"https:\/\/aeskulap-international.com\/de\/komplementare-medizin\/produktionsstatten\/","title":{"rendered":"Produktionsst\u00e4tten"},"content":{"rendered":"\n<p>Alle unsere Produktionsst\u00e4tten erf\u00fcllen unsere strengen Qualit\u00e4tskontrollkriterien. Sie produzieren nach den sogenannten HACCP-Richtlinien (Hazard Analysis and Critical Control Point) und befolgen die Standards der Good Manufacturing Practice (GMP), um sicherzustellen, dass unsere Produkte stets den geforderten Qualit\u00e4tsanspr\u00fcchen des Europ\u00e4ischen Arzneibuchs (Ph. Eur.) entsprechen.<\/p>\n\n\n\n<p>DAIWA Pharmaceutical Co, Ltd., Tokio, Japan<br \/>(<a href=\"https:\/\/www.daiwa-pharm.com\/english\/index.php\" target=\"_blank\" rel=\"noreferrer noopener\">https:\/\/www.daiwa-pharm.com<\/a>)<\/p>\n\n\n\n<p>Dyckerhoff Pharma GmbH &amp; Co. KG, K\u00f6ln,, Deutschland<br \/>(<a href=\"https:\/\/www.dyckerhoff-pharma.de\" target=\"_blank\" rel=\"noreferrer noopener\">https:\/\/www.dyckerhoff-pharma.de<\/a>)<\/p>\n\n\n\n<p>International Dynamic Health, Basel, Schweiz<br \/>(<a href=\"https:\/\/www.medskina.de\/de\">https:\/\/www.medskina.de<\/a>)<\/p>\n\n\n\n<p>medpro Holland B.V., Scherpenzeel, Niederlande<br \/>(<a href=\"https:\/\/med-pro.org\/de\/\" target=\"_blank\" rel=\"noreferrer noopener\">https:\/\/med-pro.org<\/a>)<\/p>\n\n\n\n<p>OMNIMEDICA, Schlieren, Schweiz<br \/>(<a href=\"https:\/\/omnimedica.com\" target=\"_blank\" rel=\"noreferrer noopener\">https:\/\/omnimedica.com<\/a>)<\/p>\n\n\n\n<p>PEGASUS Pharmaceuticals, Vancouver, Kanada<br \/>(<a href=\"https:\/\/ppginco.com\/eng\/\" target=\"_blank\" rel=\"noreferrer noopener\">https:\/\/ppginco.com\/eng\/<\/a>)<\/p>\n\n\n\n<p>TICEBA GmbH, Heidelberg, Deutschland<br \/>(<a href=\"https:\/\/www.ticeba.com\" target=\"_blank\" rel=\"noreferrer noopener\">https:\/\/www.ticeba.com<\/a>)<\/p>\n","protected":false},"excerpt":{"rendered":"<p>Alle unsere Produktionsst\u00e4tten erf\u00fcllen unsere strengen Qualit\u00e4tskontrollkriterien. Sie produzieren nach den sogenannten HACCP-Richtlinien (Hazard Analysis and Critical Control Point) und befolgen die Standards der Good Manufacturing Practice (GMP), um sicherzustellen, dass unsere Produkte stets den geforderten Qualit\u00e4tsanspr\u00fcchen des Europ\u00e4ischen Arzneibuchs (Ph. Eur.) entsprechen. DAIWA Pharmaceutical Co, Ltd., Tokio, Japan(https:\/\/www.daiwa-pharm.com) Dyckerhoff Pharma GmbH &amp; Co. KG, &#8230; <a title=\"Produktionsst\u00e4tten\" class=\"read-more\" href=\"https:\/\/aeskulap-international.com\/de\/komplementare-medizin\/produktionsstatten\/\" aria-label=\"Mehr Informationen \u00fcber Produktionsst\u00e4tten\">Weiterlesen &#8230;<\/a><\/p>\n","protected":false},"author":1,"featured_media":657,"parent":34,"menu_order":0,"comment_status":"closed","ping_status":"closed","template":"","meta":{"footnotes":""},"class_list":["post-98","page","type-page","status-publish","has-post-thumbnail"],"yoast_head":"<!-- This site is optimized with the Yoast SEO Premium plugin v27.4 (Yoast SEO v27.4) - https:\/\/yoast.com\/product\/yoast-seo-premium-wordpress\/ -->\n<title>Produktionsst\u00e4tten - Aeskulap International<\/title>\n<meta name=\"description\" content=\"Aeskulap International gew\u00e4hrleistet dank hoch qualifizierter Produktionsst\u00e4tten die beste Qualit\u00e4t von Medizinprodukten und Nahrungserg\u00e4nzungsmitteln.\" \/>\n<meta name=\"robots\" content=\"index, follow, max-snippet:-1, max-image-preview:large, max-video-preview:-1\" \/>\n<link rel=\"canonical\" href=\"https:\/\/aeskulap-international.com\/de\/komplementare-medizin\/produktionsstatten\/\" \/>\n<meta property=\"og:locale\" content=\"de_DE\" \/>\n<meta property=\"og:type\" content=\"article\" \/>\n<meta property=\"og:title\" content=\"Produktionsst\u00e4tten\" \/>\n<meta property=\"og:description\" content=\"Aeskulap International gew\u00e4hrleistet dank hoch qualifizierter Produktionsst\u00e4tten die beste Qualit\u00e4t von Medizinprodukten und Nahrungserg\u00e4nzungsmitteln.\" \/>\n<meta property=\"og:url\" content=\"https:\/\/aeskulap-international.com\/de\/komplementare-medizin\/produktionsstatten\/\" \/>\n<meta property=\"og:site_name\" content=\"Aeskulap International AG\" \/>\n<meta property=\"article:modified_time\" content=\"2022-12-13T12:41:52+00:00\" \/>\n<meta property=\"og:image\" content=\"https:\/\/aeskulap-international.com\/wp-content\/uploads\/2021\/07\/Manufacturing-Facilities.jpg\" \/>\n\t<meta property=\"og:image:width\" content=\"1340\" \/>\n\t<meta property=\"og:image:height\" content=\"400\" \/>\n\t<meta property=\"og:image:type\" content=\"image\/jpeg\" \/>\n<meta name=\"twitter:label1\" content=\"Gesch\u00e4tzte Lesezeit\" \/>\n\t<meta name=\"twitter:data1\" content=\"1\u00a0Minute\" \/>\n<script type=\"application\/ld+json\" class=\"yoast-schema-graph\">{\"@context\":\"https:\\\/\\\/schema.org\",\"@graph\":[{\"@type\":\"WebPage\",\"@id\":\"https:\\\/\\\/aeskulap-international.com\\\/de\\\/komplementare-medizin\\\/produktionsstatten\\\/\",\"url\":\"https:\\\/\\\/aeskulap-international.com\\\/de\\\/komplementare-medizin\\\/produktionsstatten\\\/\",\"name\":\"Produktionsst\u00e4tten - Aeskulap International\",\"isPartOf\":{\"@id\":\"https:\\\/\\\/aeskulap-international.com\\\/de\\\/#website\"},\"primaryImageOfPage\":{\"@id\":\"https:\\\/\\\/aeskulap-international.com\\\/de\\\/komplementare-medizin\\\/produktionsstatten\\\/#primaryimage\"},\"image\":{\"@id\":\"https:\\\/\\\/aeskulap-international.com\\\/de\\\/komplementare-medizin\\\/produktionsstatten\\\/#primaryimage\"},\"thumbnailUrl\":\"https:\\\/\\\/aeskulap-international.com\\\/wp-content\\\/uploads\\\/2021\\\/07\\\/Manufacturing-Facilities.jpg\",\"datePublished\":\"2014-03-27T18:12:25+00:00\",\"dateModified\":\"2022-12-13T12:41:52+00:00\",\"description\":\"Aeskulap International gew\u00e4hrleistet dank hoch qualifizierter Produktionsst\u00e4tten die beste Qualit\u00e4t von Medizinprodukten und Nahrungserg\u00e4nzungsmitteln.\",\"breadcrumb\":{\"@id\":\"https:\\\/\\\/aeskulap-international.com\\\/de\\\/komplementare-medizin\\\/produktionsstatten\\\/#breadcrumb\"},\"inLanguage\":\"de\",\"potentialAction\":[{\"@type\":\"ReadAction\",\"target\":[\"https:\\\/\\\/aeskulap-international.com\\\/de\\\/komplementare-medizin\\\/produktionsstatten\\\/\"]}]},{\"@type\":\"ImageObject\",\"inLanguage\":\"de\",\"@id\":\"https:\\\/\\\/aeskulap-international.com\\\/de\\\/komplementare-medizin\\\/produktionsstatten\\\/#primaryimage\",\"url\":\"https:\\\/\\\/aeskulap-international.com\\\/wp-content\\\/uploads\\\/2021\\\/07\\\/Manufacturing-Facilities.jpg\",\"contentUrl\":\"https:\\\/\\\/aeskulap-international.com\\\/wp-content\\\/uploads\\\/2021\\\/07\\\/Manufacturing-Facilities.jpg\",\"width\":1340,\"height\":400,\"caption\":\"Manufacturing Facilities\"},{\"@type\":\"BreadcrumbList\",\"@id\":\"https:\\\/\\\/aeskulap-international.com\\\/de\\\/komplementare-medizin\\\/produktionsstatten\\\/#breadcrumb\",\"itemListElement\":[{\"@type\":\"ListItem\",\"position\":1,\"name\":\"Home\",\"item\":\"https:\\\/\\\/aeskulap-international.com\\\/de\\\/\"},{\"@type\":\"ListItem\",\"position\":2,\"name\":\"Arzneimittel &#038; Nahrungserg\u00e4nzungsmittel\",\"item\":\"https:\\\/\\\/aeskulap-international.com\\\/de\\\/komplementare-medizin\\\/\"},{\"@type\":\"ListItem\",\"position\":3,\"name\":\"Produktionsst\u00e4tten\"}]},{\"@type\":\"WebSite\",\"@id\":\"https:\\\/\\\/aeskulap-international.com\\\/de\\\/#website\",\"url\":\"https:\\\/\\\/aeskulap-international.com\\\/de\\\/\",\"name\":\"Aeskulap International AG\",\"description\":\"A Straight Line to High-Tech Medicine in Switzerland\",\"publisher\":{\"@id\":\"https:\\\/\\\/aeskulap-international.com\\\/de\\\/#organization\"},\"potentialAction\":[{\"@type\":\"SearchAction\",\"target\":{\"@type\":\"EntryPoint\",\"urlTemplate\":\"https:\\\/\\\/aeskulap-international.com\\\/de\\\/?s={search_term_string}\"},\"query-input\":{\"@type\":\"PropertyValueSpecification\",\"valueRequired\":true,\"valueName\":\"search_term_string\"}}],\"inLanguage\":\"de\"},{\"@type\":\"Organization\",\"@id\":\"https:\\\/\\\/aeskulap-international.com\\\/de\\\/#organization\",\"name\":\"Aeskulap International AG\",\"url\":\"https:\\\/\\\/aeskulap-international.com\\\/de\\\/\",\"logo\":{\"@type\":\"ImageObject\",\"inLanguage\":\"de\",\"@id\":\"https:\\\/\\\/aeskulap-international.com\\\/de\\\/#\\\/schema\\\/logo\\\/image\\\/\",\"url\":\"https:\\\/\\\/aeskulap-international.com\\\/wp-content\\\/uploads\\\/2014\\\/09\\\/logoline.png\",\"contentUrl\":\"https:\\\/\\\/aeskulap-international.com\\\/wp-content\\\/uploads\\\/2014\\\/09\\\/logoline.png\",\"width\":424,\"height\":120,\"caption\":\"Aeskulap International AG\"},\"image\":{\"@id\":\"https:\\\/\\\/aeskulap-international.com\\\/de\\\/#\\\/schema\\\/logo\\\/image\\\/\"}}]}<\/script>\n<!-- \/ Yoast SEO Premium plugin. -->","yoast_head_json":{"title":"Produktionsst\u00e4tten - Aeskulap International","description":"Aeskulap International gew\u00e4hrleistet dank hoch qualifizierter Produktionsst\u00e4tten die beste Qualit\u00e4t von Medizinprodukten und Nahrungserg\u00e4nzungsmitteln.","robots":{"index":"index","follow":"follow","max-snippet":"max-snippet:-1","max-image-preview":"max-image-preview:large","max-video-preview":"max-video-preview:-1"},"canonical":"https:\/\/aeskulap-international.com\/de\/komplementare-medizin\/produktionsstatten\/","og_locale":"de_DE","og_type":"article","og_title":"Produktionsst\u00e4tten","og_description":"Aeskulap International gew\u00e4hrleistet dank hoch qualifizierter Produktionsst\u00e4tten die beste Qualit\u00e4t von Medizinprodukten und Nahrungserg\u00e4nzungsmitteln.","og_url":"https:\/\/aeskulap-international.com\/de\/komplementare-medizin\/produktionsstatten\/","og_site_name":"Aeskulap International AG","article_modified_time":"2022-12-13T12:41:52+00:00","og_image":[{"width":1340,"height":400,"url":"https:\/\/aeskulap-international.com\/wp-content\/uploads\/2021\/07\/Manufacturing-Facilities.jpg","type":"image\/jpeg"}],"twitter_misc":{"Gesch\u00e4tzte Lesezeit":"1\u00a0Minute"},"schema":{"@context":"https:\/\/schema.org","@graph":[{"@type":"WebPage","@id":"https:\/\/aeskulap-international.com\/de\/komplementare-medizin\/produktionsstatten\/","url":"https:\/\/aeskulap-international.com\/de\/komplementare-medizin\/produktionsstatten\/","name":"Produktionsst\u00e4tten - Aeskulap International","isPartOf":{"@id":"https:\/\/aeskulap-international.com\/de\/#website"},"primaryImageOfPage":{"@id":"https:\/\/aeskulap-international.com\/de\/komplementare-medizin\/produktionsstatten\/#primaryimage"},"image":{"@id":"https:\/\/aeskulap-international.com\/de\/komplementare-medizin\/produktionsstatten\/#primaryimage"},"thumbnailUrl":"https:\/\/aeskulap-international.com\/wp-content\/uploads\/2021\/07\/Manufacturing-Facilities.jpg","datePublished":"2014-03-27T18:12:25+00:00","dateModified":"2022-12-13T12:41:52+00:00","description":"Aeskulap International gew\u00e4hrleistet dank hoch qualifizierter Produktionsst\u00e4tten die beste Qualit\u00e4t von Medizinprodukten und Nahrungserg\u00e4nzungsmitteln.","breadcrumb":{"@id":"https:\/\/aeskulap-international.com\/de\/komplementare-medizin\/produktionsstatten\/#breadcrumb"},"inLanguage":"de","potentialAction":[{"@type":"ReadAction","target":["https:\/\/aeskulap-international.com\/de\/komplementare-medizin\/produktionsstatten\/"]}]},{"@type":"ImageObject","inLanguage":"de","@id":"https:\/\/aeskulap-international.com\/de\/komplementare-medizin\/produktionsstatten\/#primaryimage","url":"https:\/\/aeskulap-international.com\/wp-content\/uploads\/2021\/07\/Manufacturing-Facilities.jpg","contentUrl":"https:\/\/aeskulap-international.com\/wp-content\/uploads\/2021\/07\/Manufacturing-Facilities.jpg","width":1340,"height":400,"caption":"Manufacturing Facilities"},{"@type":"BreadcrumbList","@id":"https:\/\/aeskulap-international.com\/de\/komplementare-medizin\/produktionsstatten\/#breadcrumb","itemListElement":[{"@type":"ListItem","position":1,"name":"Home","item":"https:\/\/aeskulap-international.com\/de\/"},{"@type":"ListItem","position":2,"name":"Arzneimittel &#038; Nahrungserg\u00e4nzungsmittel","item":"https:\/\/aeskulap-international.com\/de\/komplementare-medizin\/"},{"@type":"ListItem","position":3,"name":"Produktionsst\u00e4tten"}]},{"@type":"WebSite","@id":"https:\/\/aeskulap-international.com\/de\/#website","url":"https:\/\/aeskulap-international.com\/de\/","name":"Aeskulap International AG","description":"A Straight Line to High-Tech Medicine in Switzerland","publisher":{"@id":"https:\/\/aeskulap-international.com\/de\/#organization"},"potentialAction":[{"@type":"SearchAction","target":{"@type":"EntryPoint","urlTemplate":"https:\/\/aeskulap-international.com\/de\/?s={search_term_string}"},"query-input":{"@type":"PropertyValueSpecification","valueRequired":true,"valueName":"search_term_string"}}],"inLanguage":"de"},{"@type":"Organization","@id":"https:\/\/aeskulap-international.com\/de\/#organization","name":"Aeskulap International AG","url":"https:\/\/aeskulap-international.com\/de\/","logo":{"@type":"ImageObject","inLanguage":"de","@id":"https:\/\/aeskulap-international.com\/de\/#\/schema\/logo\/image\/","url":"https:\/\/aeskulap-international.com\/wp-content\/uploads\/2014\/09\/logoline.png","contentUrl":"https:\/\/aeskulap-international.com\/wp-content\/uploads\/2014\/09\/logoline.png","width":424,"height":120,"caption":"Aeskulap International AG"},"image":{"@id":"https:\/\/aeskulap-international.com\/de\/#\/schema\/logo\/image\/"}}]}},"_links":{"self":[{"href":"https:\/\/aeskulap-international.com\/de\/wp-json\/wp\/v2\/pages\/98","targetHints":{"allow":["GET"]}}],"collection":[{"href":"https:\/\/aeskulap-international.com\/de\/wp-json\/wp\/v2\/pages"}],"about":[{"href":"https:\/\/aeskulap-international.com\/de\/wp-json\/wp\/v2\/types\/page"}],"author":[{"embeddable":true,"href":"https:\/\/aeskulap-international.com\/de\/wp-json\/wp\/v2\/users\/1"}],"replies":[{"embeddable":true,"href":"https:\/\/aeskulap-international.com\/de\/wp-json\/wp\/v2\/comments?post=98"}],"version-history":[{"count":3,"href":"https:\/\/aeskulap-international.com\/de\/wp-json\/wp\/v2\/pages\/98\/revisions"}],"predecessor-version":[{"id":747,"href":"https:\/\/aeskulap-international.com\/de\/wp-json\/wp\/v2\/pages\/98\/revisions\/747"}],"up":[{"embeddable":true,"href":"https:\/\/aeskulap-international.com\/de\/wp-json\/wp\/v2\/pages\/34"}],"wp:featuredmedia":[{"embeddable":true,"href":"https:\/\/aeskulap-international.com\/de\/wp-json\/wp\/v2\/media\/657"}],"wp:attachment":[{"href":"https:\/\/aeskulap-international.com\/de\/wp-json\/wp\/v2\/media?parent=98"}],"curies":[{"name":"wp","href":"https:\/\/api.w.org\/{rel}","templated":true}]}}